{"id":43288,"date":"2024-02-09T14:59:55","date_gmt":"2024-02-09T14:59:55","guid":{"rendered":"https:\/\/alohey.es\/plan-du-site\/"},"modified":"2024-03-12T12:14:01","modified_gmt":"2024-03-12T12:14:01","slug":"plan-du-site","status":"publish","type":"page","link":"https:\/\/alohey.es\/fr\/plan-du-site\/","title":{"rendered":"Plan du site"},"content":{"rendered":"<div class=\"wp-block-wpseopress-sitemap\"><div class=\"wrap-html-sitemap sp-html-sitemap\"><div class=\"sp-wrap-cpt\"><h2 class=\"sp-cpt-name\">Pages<\/h2><ul class=\"sp-list-posts sp-cpt-hierarchical\"><li class=\"page_item page-item-49752\"><a href=\"https:\/\/alohey.es\/fr\/politica-de-contratacion\/\">Pol\u00edtica de contrataci\u00f3n<\/a><\/li><li class=\"page_item page-item-44423\"><a href=\"https:\/\/alohey.es\/fr\/location-de-vacances-a-lanzarote-decouvrez-lile-avec-alohey-es\/\">Location de vacances \u00e0 Lanzarote &#8211; D\u00e9couvrez l&#8217;\u00eele avec Alohey.es<\/a><\/li><li class=\"page_item page-item-43288\"><a href=\"https:\/\/alohey.es\/fr\/plan-du-site\/\">Plan du site<\/a><\/li><li class=\"page_item page-item-39882\"><a href=\"https:\/\/alohey.es\/fr\/villas-avec-piscine-a-lanzarote\/\">Villas avec piscine \u00e0 Lanzarote<\/a><\/li><li class=\"page_item page-item-40268\"><a href=\"https:\/\/alohey.es\/fr\/mon-compte\/\">Mon compte<\/a><\/li><li class=\"page_item page-item-40226\"><a href=\"https:\/\/alohey.es\/fr\/locations-de-vacances-a-lanzarote\/\">Villas et maisons de vacances \u00e0 louer \u00e0 Lanzarote<\/a><\/li><li class=\"page_item page-item-40220\"><a href=\"https:\/\/alohey.es\/fr\/villas-a-louer-a-playa-blanca\/\">Villas \u00e0 louer \u00e0 Playa Blanca<\/a><\/li><li class=\"page_item page-item-40238 current_page_parent\"><a href=\"https:\/\/alohey.es\/fr\/blog-alohey\/\">Blog Alohey<\/a><\/li><li class=\"page_item page-item-40290\"><a href=\"https:\/\/alohey.es\/fr\/a-propos-de-nous\/\">A propos de nous<\/a><\/li><li class=\"page_item page-item-40299\"><a href=\"https:\/\/alohey.es\/fr\/calendrier-tout-en-un\/\">Calendrier tout-en-un<\/a><\/li><li class=\"page_item page-item-40272\"><a href=\"https:\/\/alohey.es\/fr\/mon-profil\/\">Mon profil<\/a><\/li><li class=\"page_item page-item-40244\"><a href=\"https:\/\/alohey.es\/fr\/recherche-avancee\/\">Recherche avanc\u00e9e<\/a><\/li><li class=\"page_item page-item-40254\"><a href=\"https:\/\/alohey.es\/fr\/modifier-le-logement\/\">Modifier le logement<\/a><\/li><li class=\"page_item page-item-40301\"><a href=\"https:\/\/alohey.es\/fr\/\">Location de logements et de locations de vacances \u00e0 Lanzarote \u2013 Alohey<\/a><\/li><li class=\"page_item page-item-40250\"><a href=\"https:\/\/alohey.es\/fr\/contact\/\">Contact<\/a><\/li><li class=\"page_item page-item-40216\"><a href=\"https:\/\/alohey.es\/fr\/louez-votre-propriete-a-lanzarote\/\">Louez votre propri\u00e9t\u00e9 \u00e0 Lanzarote<\/a><\/li><li class=\"page_item page-item-40212\"><a href=\"https:\/\/alohey.es\/fr\/hebergement\/\">Maisons de vacances<\/a><\/li><\/ul><\/div><div class=\"sp-wrap-cpt\"><h2 class=\"sp-cpt-name\">Articles<\/h2><div class=\"sp-wrap-cats\"><div class=\"sp-wrap-cat\"><h3 class=\"sp-cat-name\"><a href=\"https:\/\/alohey.es\/fr\/tourisme-et-activites-a-lanzarote\/activites-a-faire-a-lanzarote\/\">Activit\u00e9s \u00e0 faire \u00e0 Lanzarote<\/a><\/h3><ul class=\"sp-list-posts\"><li><a href=\"https:\/\/alohey.es\/fr\/guide-de-voyage-pour-lanzarote-a-toutes-les-saisons-de-lannee\/\">Guide de voyage pour Lanzarote \u00e0 toutes les saisons de l&#8217;ann\u00e9e<\/a> &#8211; 15 juillet 2024<\/li><li><a href=\"https:\/\/alohey.es\/fr\/les-meilleurs-itineraires-de-randonnee-a-lanzarote-un-voyage-naturel-inoubliable\/\">Les meilleurs itin\u00e9raires de randonn\u00e9e \u00e0 Lanzarote : un voyage naturel inoubliable<\/a> &#8211; 2 juillet 2024<\/li><li><a href=\"https:\/\/alohey.es\/fr\/festivals-et-evenements-culturels-populaires-a-lanzarote-votre-guide-pour-en-profiter-au-maximum\/\">Festivals et \u00e9v\u00e9nements culturels populaires \u00e0 Lanzarote : votre guide pour en profiter au maximum<\/a> &#8211; 18 mars 2024<\/li><li><a href=\"https:\/\/alohey.es\/fr\/organiser-une-lune-de-miel-inoubliable-a-lanzarote\/\">Organiser une lune de miel inoubliable \u00e0 Lanzarote<\/a> &#8211; 4 mars 2024<\/li><li><a href=\"https:\/\/alohey.es\/fr\/les-meilleures-plages-de-lanzarote-pour-se-detendre-et-faire-du-snorkeling\/\">Les meilleures plages de Lanzarote pour se d\u00e9tendre et faire du snorkeling<\/a> &#8211; 16 octobre 2023<\/li><li><a href=\"https:\/\/alohey.es\/fr\/explorer-la-culture-et-lhistoire-de-lanzarote-lieux-a-visiter\/\">Explorer la culture et l&#8217;histoire de Lanzarote : Lieux \u00e0 visiter<\/a> &#8211; 19 septembre 2023<\/li><li><a href=\"https:\/\/alohey.es\/fr\/decouvrez-les-sensations-fortes-au-paradis-des-volcans\/\">D\u00e9couvrez les sensations fortes au paradis des volcans<\/a> &#8211; 11 ao\u00fbt 2023<\/li><li><a href=\"https:\/\/alohey.es\/fr\/encantos-de-lanzarote-una-guia-turistica-para-los-amantes-del-sol-y-la-playa\/\">Encantos de Lanzarote: Una gu\u00eda tur\u00edstica para los amantes del sol y la playa<\/a> &#8211; 3 juillet 2023<\/li><li><a href=\"https:\/\/alohey.es\/fr\/delfines-y-ballenas-en-lanzarote\/\">Delfines y ballenas en Lanzarote<\/a> &#8211; 21 juin 2023<\/li><li><a href=\"https:\/\/alohey.es\/fr\/bucear-en-lanzarote\/\">Bucear en Lanzarote<\/a> &#8211; 13 juin 2023<\/li><li><a href=\"https:\/\/alohey.es\/fr\/la-geria-lanzarote\/\">La Geria Lanzarote<\/a> &#8211; 14 f\u00e9vrier 2023<\/li><\/ul><\/div><div class=\"sp-wrap-cat\"><h3 class=\"sp-cat-name\"><a href=\"https:\/\/alohey.es\/fr\/conseils-de-voyage-et-planification\/\">Conseils de voyage et planification<\/a><\/h3><ul class=\"sp-list-posts\"><li><a href=\"https:\/\/alohey.es\/fr\/guide-de-voyage-pour-lanzarote-a-toutes-les-saisons-de-lannee\/\">Guide de voyage pour Lanzarote \u00e0 toutes les saisons de l&#8217;ann\u00e9e<\/a> &#8211; 15 juillet 2024<\/li><li><a href=\"https:\/\/alohey.es\/fr\/organiser-une-lune-de-miel-inoubliable-a-lanzarote\/\">Organiser une lune de miel inoubliable \u00e0 Lanzarote<\/a> &#8211; 4 mars 2024<\/li><li><a href=\"https:\/\/alohey.es\/fr\/conseils-pour-reserver-une-maison-de-vacances-de-luxe-a-lanzarote\/\">Conseils pour r\u00e9server une maison de vacances de luxe \u00e0 Lanzarote<\/a> &#8211; 7 octobre 2023<\/li><li><a href=\"https:\/\/alohey.es\/fr\/les-supermarches-les-plus-pratiques-pour-faire-des-provisions-pendant-votre-sejour-a-lanzarote\/\">Les supermarch\u00e9s les plus pratiques pour faire des provisions pendant votre s\u00e9jour \u00e0 Lanzarote<\/a> &#8211; 11 septembre 2023<\/li><li><a href=\"https:\/\/alohey.es\/fr\/location-de-voiture-a-lanzarote\/\">Location de voiture \u00e0 Lanzarote<\/a> &#8211; 19 ao\u00fbt 2023<\/li><li><a href=\"https:\/\/alohey.es\/fr\/conseils-pour-trouver-la-maison-de-vacances-ideale-a-lanzarote\/\">Conseils pour trouver la maison de vacances id\u00e9ale \u00e0 Lanzarote<\/a> &#8211; 17 juillet 2023<\/li><li><a href=\"https:\/\/alohey.es\/fr\/encantos-de-lanzarote-una-guia-turistica-para-los-amantes-del-sol-y-la-playa\/\">Encantos de Lanzarote: Una gu\u00eda tur\u00edstica para los amantes del sol y la playa<\/a> &#8211; 3 juillet 2023<\/li><li><a href=\"https:\/\/alohey.es\/fr\/apartamentos-vacacionales-en-lanzarote\/\">Alquiler de Apartamentos Vacacionales en Lanzarote \u2013 Alohey<\/a> &#8211; 15 mai 2023<\/li><li><a href=\"https:\/\/alohey.es\/fr\/consejos-para-viajar-con-ninos\/\">Consejos para viajar con ni\u00f1os<\/a> &#8211; 18 mars 2023<\/li><li><a href=\"https:\/\/alohey.es\/fr\/alquiler-de-villas-vacacionales-en-lanzarote\/\">Alquiler de Villas Vacacionales en Lanzarote \u2013 Alohey<\/a> &#8211; 11 f\u00e9vrier 2023<\/li><\/ul><\/div><div class=\"sp-wrap-cat\"><h3 class=\"sp-cat-name\"><a href=\"https:\/\/alohey.es\/fr\/non-classifiee\/conseils-pour-lentretien-et-la-gestion-des-biens-immobiliers\/\">Conseils pour l&#8217;entretien et la gestion des biens immobiliers<\/a><\/h3><ul class=\"sp-list-posts\"><li><a href=\"https:\/\/alohey.es\/fr\/limportance-des-photos-dans-les-annonces-de-location-de-vacances\/\">L&#8217;importance des photos dans les annonces de location de vacances<\/a> &#8211; 17 juin 2024<\/li><li><a href=\"https:\/\/alohey.es\/fr\/comment-faire-en-sorte-que-votre-maison-de-vacances-se-demarque-de-la-concurrence\/\">Comment faire en sorte que votre maison de vacances se d\u00e9marque de la concurrence ?<\/a> &#8211; 3 juin 2024<\/li><li><a href=\"https:\/\/alohey.es\/fr\/comment-calculer-le-prix-dune-location-de-vacances\/\">Comment calculer le prix d&#8217;une location de vacances ?<\/a> &#8211; 15 mai 2024<\/li><li><a href=\"https:\/\/alohey.es\/fr\/5-conseils-essentiels-pour-preparer-votre-maison-de-vacances-pour-la-haute-saison-a-lanzarote\/\">5 conseils essentiels pour pr\u00e9parer votre maison de vacances pour la haute saison \u00e0 Lanzarote<\/a> &#8211; 7 mai 2024<\/li><li><a href=\"https:\/\/alohey.es\/fr\/decouvrez-les-secrets-de-la-gestion-des-proprietes-de-vacances-a-lanzarote\/\">D\u00e9couvrez les secrets de la gestion des propri\u00e9t\u00e9s de vacances \u00e0 Lanzarote<\/a> &#8211; 8 avril 2024<\/li><li><a href=\"https:\/\/alohey.es\/fr\/conseils-pour-lentretien-et-la-gestion-des-maisons-de-vacances\/\">Conseils pour l&#8217;entretien et la gestion des maisons de vacances<\/a> &#8211; 15 janvier 2024<\/li><li><a href=\"https:\/\/alohey.es\/fr\/des-strategies-infaillibles-pour-garantir-la-satisfaction-des-clients-chez-alohey-co-uk\/\">Des strat\u00e9gies infaillibles pour garantir la satisfaction des clients chez Alohey.co.uk<\/a> &#8211; 11 d\u00e9cembre 2023<\/li><li><a href=\"https:\/\/alohey.es\/fr\/des-strategies-infaillibles-pour-garantir-la-satisfaction-des-clients-chez-alohey-co-uk-2\/\">Des strat\u00e9gies infaillibles pour garantir la satisfaction des clients chez Alohey.co.uk<\/a> &#8211; 11 d\u00e9cembre 2023<\/li><\/ul><\/div><div class=\"sp-wrap-cat\"><h3 class=\"sp-cat-name\"><a href=\"https:\/\/alohey.es\/fr\/tourisme-et-activites-a-lanzarote\/culture-et-traditions-de-lanzarote\/\">Culture et traditions de Lanzarote<\/a><\/h3><ul class=\"sp-list-posts\"><li><a href=\"https:\/\/alohey.es\/fr\/decouvrez-lartisanat-et-les-souvenirs-de-lanzarote\/\">D\u00e9couvrez l&#8217;artisanat et les souvenirs de Lanzarote<\/a> &#8211; 16 septembre 2024<\/li><li><a href=\"https:\/\/alohey.es\/fr\/decouvrez-les-charmes-des-plus-beaux-villages-de-lanzarote\/\">D\u00e9couvrez les charmes des plus beaux villages de Lanzarote<\/a> &#8211; 12 f\u00e9vrier 2024<\/li><li><a href=\"https:\/\/alohey.es\/fr\/el-arte-de-cesar-manrique-en-lanzarote\/\">L&#8217;art de C\u00e9sar Manrique \u00e0 Lanzarote<\/a> &#8211; 5 f\u00e9vrier 2024<\/li><li><a href=\"https:\/\/alohey.es\/fr\/lhistoire-fascinante-des-aborigenes-guanches-a-lanzarote\/\">L&#8217;histoire fascinante des aborig\u00e8nes guanches \u00e0 Lanzarote<\/a> &#8211; 13 novembre 2023<\/li><li><a href=\"https:\/\/alohey.es\/fr\/explorer-la-culture-et-lhistoire-de-lanzarote-lieux-a-visiter\/\">Explorer la culture et l&#8217;histoire de Lanzarote : Lieux \u00e0 visiter<\/a> &#8211; 19 septembre 2023<\/li><\/ul><\/div><div class=\"sp-wrap-cat\"><h3 class=\"sp-cat-name\"><a href=\"https:\/\/alohey.es\/fr\/locations-de-vacances-et-proprietes-a-lanzarote\/\">Locations de vacances et propri\u00e9t\u00e9s \u00e0 Lanzarote<\/a><\/h3><ul class=\"sp-list-posts\"><li><a href=\"https:\/\/alohey.es\/fr\/avantages-de-la-location-dune-maison-de-vacances-plutot-que-dun-hotel\/\">Avantages de la location d&#8217;une maison de vacances plut\u00f4t que d&#8217;un h\u00f4tel<\/a> &#8211; 8 janvier 2024<\/li><\/ul><\/div><div class=\"sp-wrap-cat\"><h3 class=\"sp-cat-name\"><a href=\"https:\/\/alohey.es\/fr\/non-classifiee\/\">Non classifi\u00e9(e)<\/a><\/h3><ul class=\"sp-list-posts\"><li><a href=\"https:\/\/alohey.es\/fr\/comment-maximiser-les-profits-de-votre-maison-de-vacances-a-lanzarote-un-guide-juridique\/\">Comment maximiser les profits de votre maison de vacances \u00e0 Lanzarote : un guide juridique<\/a> &#8211; 18 novembre 2024<\/li><li><a href=\"https:\/\/alohey.es\/fr\/maximisez-vos-profits-gerez-votre-location-de-vacances-ou-louez-les-services-dune-agence-a-lanzarote\/\">Maximisez vos profits : g\u00e9rez votre location de vacances ou louez les services d&#8217;une agence \u00e0 Lanzarote ?<\/a> &#8211; 11 novembre 2024<\/li><li><a href=\"https:\/\/alohey.es\/fr\/comment-maximiser-les-profits-de-votre-maison-de-vacances-a-lanzarote\/\">Comment maximiser les profits de votre maison de vacances \u00e0 Lanzarote<\/a> &#8211; 21 octobre 2024<\/li><li><a href=\"https:\/\/alohey.es\/fr\/comment-maximiser-les-profits-de-votre-maison-de-vacances-a-lanzarote-guide-complet\/\">Comment maximiser les profits de votre maison de vacances \u00e0 Lanzarote &#8211; Guide complet<\/a> &#8211; 14 octobre 2024<\/li><li><a href=\"https:\/\/alohey.es\/fr\/assurance-et-securite-pour-les-proprietaires-de-maisons-de-vacances-un-guide-complet\/\">Assurance et s\u00e9curit\u00e9 pour les propri\u00e9taires de maisons de vacances : un guide complet<\/a> &#8211; 10 septembre 2024<\/li><li><a href=\"https:\/\/alohey.es\/fr\/guide-de-securite-pour-voyager-seul-a-lanzarote-conseils-pratiques\/\">Guide de s\u00e9curit\u00e9 pour voyager seul \u00e0 Lanzarote : conseils pratiques<\/a> &#8211; 12 ao\u00fbt 2024<\/li><li><a href=\"https:\/\/alohey.es\/fr\/comment-trouver-la-maison-de-vacances-ideale-a-lanzarote-un-guide-complet\/\">Comment trouver la maison de vacances id\u00e9ale \u00e0 Lanzarote : un guide complet<\/a> &#8211; 5 ao\u00fbt 2024<\/li><li><a href=\"https:\/\/alohey.es\/fr\/limportance-des-photos-dans-les-annonces-de-location-de-vacances\/\">L&#8217;importance des photos dans les annonces de location de vacances<\/a> &#8211; 17 juin 2024<\/li><li><a href=\"https:\/\/alohey.es\/fr\/comment-faire-en-sorte-que-votre-maison-de-vacances-se-demarque-de-la-concurrence\/\">Comment faire en sorte que votre maison de vacances se d\u00e9marque de la concurrence ?<\/a> &#8211; 3 juin 2024<\/li><li><a href=\"https:\/\/alohey.es\/fr\/comment-calculer-le-prix-dune-location-de-vacances\/\">Comment calculer le prix d&#8217;une location de vacances ?<\/a> &#8211; 15 mai 2024<\/li><li><a href=\"https:\/\/alohey.es\/fr\/5-conseils-essentiels-pour-preparer-votre-maison-de-vacances-pour-la-haute-saison-a-lanzarote\/\">5 conseils essentiels pour pr\u00e9parer votre maison de vacances pour la haute saison \u00e0 Lanzarote<\/a> &#8211; 7 mai 2024<\/li><li><a href=\"https:\/\/alohey.es\/fr\/lete-a-lanzarote-evenements-et-fetes-a-ne-pas-manquer\/\">L&#8217;\u00e9t\u00e9 \u00e0 Lanzarote : \u00e9v\u00e9nements et f\u00eates \u00e0 ne pas manquer<\/a> &#8211; 15 avril 2024<\/li><li><a href=\"https:\/\/alohey.es\/fr\/decouvrez-les-secrets-de-la-gestion-des-proprietes-de-vacances-a-lanzarote\/\">D\u00e9couvrez les secrets de la gestion des propri\u00e9t\u00e9s de vacances \u00e0 Lanzarote<\/a> &#8211; 8 avril 2024<\/li><li><a href=\"https:\/\/alohey.es\/fr\/conseils-pour-lentretien-et-la-gestion-des-maisons-de-vacances\/\">Conseils pour l&#8217;entretien et la gestion des maisons de vacances<\/a> &#8211; 15 janvier 2024<\/li><li><a href=\"https:\/\/alohey.es\/fr\/des-strategies-infaillibles-pour-garantir-la-satisfaction-des-clients-chez-alohey-co-uk\/\">Des strat\u00e9gies infaillibles pour garantir la satisfaction des clients chez Alohey.co.uk<\/a> &#8211; 11 d\u00e9cembre 2023<\/li><li><a href=\"https:\/\/alohey.es\/fr\/des-strategies-infaillibles-pour-garantir-la-satisfaction-des-clients-chez-alohey-co-uk-2\/\">Des strat\u00e9gies infaillibles pour garantir la satisfaction des clients chez Alohey.co.uk<\/a> &#8211; 11 d\u00e9cembre 2023<\/li><li><a href=\"https:\/\/alohey.es\/fr\/nouvelle-loi-sur-les-logements-touristiques-aux-iles-canaries-gestion-durable-de-lutilisation-touristique-des-logements\/\">Nouvelle loi sur les logements touristiques aux \u00eeles Canaries : gestion durable de l&#8217;utilisation touristique des logements<\/a> &#8211; 4 d\u00e9cembre 2023<\/li><li><a href=\"https:\/\/alohey.es\/fr\/itineraires-dune-journee-a-lanzarote-pour-differents-types-de-voyageurs\/\">Itin\u00e9raires d&#8217;une journ\u00e9e \u00e0 Lanzarote pour diff\u00e9rents types de voyageurs<\/a> &#8211; 6 novembre 2023<\/li><li><a href=\"https:\/\/alohey.es\/fr\/dificultades-del-alquiler-vacacional\/\">Dificultades del alquiler vacacional<\/a> &#8211; 11 janvier 2023<\/li><\/ul><\/div><div class=\"sp-wrap-cat\"><h3 class=\"sp-cat-name\"><a href=\"https:\/\/alohey.es\/fr\/nouvelles-dalohey\/\">Nouvelles d&#039;Alohey<\/a><\/h3><ul class=\"sp-list-posts\"><li><a href=\"https:\/\/alohey.es\/fr\/alohey-consigue-la-calificacion-superhost-de-airbnb\/\">Alohey consigue la calificaci\u00f3n Superhost de Airbnb<\/a> &#8211; 19 avril 2023<\/li><\/ul><\/div><div class=\"sp-wrap-cat\"><h3 class=\"sp-cat-name\"><a href=\"https:\/\/alohey.es\/fr\/tourisme-et-activites-a-lanzarote\/sites-naturels\/\">Sites naturels<\/a><\/h3><ul class=\"sp-list-posts\"><li><a href=\"https:\/\/alohey.es\/fr\/guide-de-voyage-pour-lanzarote-a-toutes-les-saisons-de-lannee\/\">Guide de voyage pour Lanzarote \u00e0 toutes les saisons de l&#8217;ann\u00e9e<\/a> &#8211; 15 juillet 2024<\/li><li><a href=\"https:\/\/alohey.es\/fr\/les-meilleurs-itineraires-de-randonnee-a-lanzarote-un-voyage-naturel-inoubliable\/\">Les meilleurs itin\u00e9raires de randonn\u00e9e \u00e0 Lanzarote : un voyage naturel inoubliable<\/a> &#8211; 2 juillet 2024<\/li><li><a href=\"https:\/\/alohey.es\/fr\/organiser-une-lune-de-miel-inoubliable-a-lanzarote\/\">Organiser une lune de miel inoubliable \u00e0 Lanzarote<\/a> &#8211; 4 mars 2024<\/li><li><a href=\"https:\/\/alohey.es\/fr\/les-meilleures-plages-de-lanzarote-pour-se-detendre-et-faire-du-snorkeling\/\">Les meilleures plages de Lanzarote pour se d\u00e9tendre et faire du snorkeling<\/a> &#8211; 16 octobre 2023<\/li><li><a href=\"https:\/\/alohey.es\/fr\/explorer-la-culture-et-lhistoire-de-lanzarote-lieux-a-visiter\/\">Explorer la culture et l&#8217;histoire de Lanzarote : Lieux \u00e0 visiter<\/a> &#8211; 19 septembre 2023<\/li><li><a href=\"https:\/\/alohey.es\/fr\/cueva-de-los-verdes\/\">Cueva de los Verdes<\/a> &#8211; 8 mai 2023<\/li><li><a href=\"https:\/\/alohey.es\/fr\/timanfaya-montanas-del-fuego\/\"><strong>Timanfaya &#8211; Monta\u00f1as del fuego<\/strong><\/a> &#8211; 23 janvier 2023<\/li><\/ul><\/div><div class=\"sp-wrap-cat\"><h3 class=\"sp-cat-name\"><a href=\"https:\/\/alohey.es\/fr\/tourisme-et-activites-a-lanzarote\/\">Tourisme et activit\u00e9s \u00e0 Lanzarote<\/a><\/h3><ul class=\"sp-list-posts\"><li><a href=\"https:\/\/alohey.es\/fr\/decouvrez-lartisanat-et-les-souvenirs-de-lanzarote\/\">D\u00e9couvrez l&#8217;artisanat et les souvenirs de Lanzarote<\/a> &#8211; 16 septembre 2024<\/li><li><a href=\"https:\/\/alohey.es\/fr\/guide-de-voyage-pour-lanzarote-a-toutes-les-saisons-de-lannee\/\">Guide de voyage pour Lanzarote \u00e0 toutes les saisons de l&#8217;ann\u00e9e<\/a> &#8211; 15 juillet 2024<\/li><li><a href=\"https:\/\/alohey.es\/fr\/les-meilleurs-itineraires-de-randonnee-a-lanzarote-un-voyage-naturel-inoubliable\/\">Les meilleurs itin\u00e9raires de randonn\u00e9e \u00e0 Lanzarote : un voyage naturel inoubliable<\/a> &#8211; 2 juillet 2024<\/li><li><a href=\"https:\/\/alohey.es\/fr\/festivals-et-evenements-culturels-populaires-a-lanzarote-votre-guide-pour-en-profiter-au-maximum\/\">Festivals et \u00e9v\u00e9nements culturels populaires \u00e0 Lanzarote : votre guide pour en profiter au maximum<\/a> &#8211; 18 mars 2024<\/li><li><a href=\"https:\/\/alohey.es\/fr\/organiser-une-lune-de-miel-inoubliable-a-lanzarote\/\">Organiser une lune de miel inoubliable \u00e0 Lanzarote<\/a> &#8211; 4 mars 2024<\/li><li><a href=\"https:\/\/alohey.es\/fr\/decouvrez-les-charmes-des-plus-beaux-villages-de-lanzarote\/\">D\u00e9couvrez les charmes des plus beaux villages de Lanzarote<\/a> &#8211; 12 f\u00e9vrier 2024<\/li><li><a href=\"https:\/\/alohey.es\/fr\/el-arte-de-cesar-manrique-en-lanzarote\/\">L&#8217;art de C\u00e9sar Manrique \u00e0 Lanzarote<\/a> &#8211; 5 f\u00e9vrier 2024<\/li><li><a href=\"https:\/\/alohey.es\/fr\/lhistoire-fascinante-des-aborigenes-guanches-a-lanzarote\/\">L&#8217;histoire fascinante des aborig\u00e8nes guanches \u00e0 Lanzarote<\/a> &#8211; 13 novembre 2023<\/li><li><a href=\"https:\/\/alohey.es\/fr\/les-meilleures-plages-de-lanzarote-pour-se-detendre-et-faire-du-snorkeling\/\">Les meilleures plages de Lanzarote pour se d\u00e9tendre et faire du snorkeling<\/a> &#8211; 16 octobre 2023<\/li><li><a href=\"https:\/\/alohey.es\/fr\/explorer-la-culture-et-lhistoire-de-lanzarote-lieux-a-visiter\/\">Explorer la culture et l&#8217;histoire de Lanzarote : Lieux \u00e0 visiter<\/a> &#8211; 19 septembre 2023<\/li><li><a href=\"https:\/\/alohey.es\/fr\/decouvrez-les-sensations-fortes-au-paradis-des-volcans\/\">D\u00e9couvrez les sensations fortes au paradis des volcans<\/a> &#8211; 11 ao\u00fbt 2023<\/li><li><a href=\"https:\/\/alohey.es\/fr\/encantos-de-lanzarote-una-guia-turistica-para-los-amantes-del-sol-y-la-playa\/\">Encantos de Lanzarote: Una gu\u00eda tur\u00edstica para los amantes del sol y la playa<\/a> &#8211; 3 juillet 2023<\/li><li><a href=\"https:\/\/alohey.es\/fr\/delfines-y-ballenas-en-lanzarote\/\">Delfines y ballenas en Lanzarote<\/a> &#8211; 21 juin 2023<\/li><li><a href=\"https:\/\/alohey.es\/fr\/bucear-en-lanzarote\/\">Bucear en Lanzarote<\/a> &#8211; 13 juin 2023<\/li><li><a href=\"https:\/\/alohey.es\/fr\/cueva-de-los-verdes\/\">Cueva de los Verdes<\/a> &#8211; 8 mai 2023<\/li><li><a href=\"https:\/\/alohey.es\/fr\/restaurantes-y-bodegas-de-vino-en-lanzarote\/\">Restaurantes y bodegas de vino en Lanzarote<\/a> &#8211; 11 avril 2023<\/li><li><a href=\"https:\/\/alohey.es\/fr\/lanzarote-disfruta-de-unas-vacaciones-inolvidables\/\">Lanzarote, Disfruta de unas vacaciones inolvidables<\/a> &#8211; 6 mars 2023<\/li><li><a href=\"https:\/\/alohey.es\/fr\/la-geria-lanzarote\/\">La Geria Lanzarote<\/a> &#8211; 14 f\u00e9vrier 2023<\/li><li><a href=\"https:\/\/alohey.es\/fr\/timanfaya-montanas-del-fuego\/\"><strong>Timanfaya &#8211; Monta\u00f1as del fuego<\/strong><\/a> &#8211; 23 janvier 2023<\/li><\/ul><\/div><\/div><\/div><div class=\"sp-wrap-cpt\"><h2 class=\"sp-cpt-name\">Biens<\/h2><div class=\"sp-archive-link\"><a href=\"https:\/\/alohey.es\/fr\/alojamiento\/\">Voir tous les biens<\/a><\/div><ul class=\"sp-list-posts\"><li><a href=\"https:\/\/alohey.es\/fr\/alojamiento\/villa-kalandraka\/\">Villa Kalandraka<\/a> &#8211; 16 d\u00e9cembre 2025<\/li><li><a href=\"https:\/\/alohey.es\/fr\/alojamiento\/casa-serena-los-altos\/\">Casa Serena Los Altos<\/a> &#8211; 6 ao\u00fbt 2025<\/li><li><a href=\"https:\/\/alohey.es\/fr\/alojamiento\/casa-pedro\/\">Casa Pedro<\/a> &#8211; 28 mai 2025<\/li><li><a href=\"https:\/\/alohey.es\/fr\/alojamiento\/casa-del-mar-ilic\/\">Casa del Mar Ilic<\/a> &#8211; 8 janvier 2025<\/li><li><a href=\"https:\/\/alohey.es\/fr\/alojamiento\/casa-ostoja\/\">Casa Ostoja<\/a> &#8211; 8 janvier 2025<\/li><li><a href=\"https:\/\/alohey.es\/fr\/alojamiento\/villa-aleksandra\/\">Villa Aleksandra<\/a> &#8211; 8 janvier 2025<\/li><li><a href=\"https:\/\/alohey.es\/fr\/alojamiento\/villa-vino\/\">Villa Vino<\/a> &#8211; 26 novembre 2024<\/li><li><a href=\"https:\/\/alohey.es\/fr\/alojamiento\/maison-leize\/\">Maison Leize<\/a> &#8211; 1 octobre 2024<\/li><li><a href=\"https:\/\/alohey.es\/fr\/alojamiento\/serena-villas-38\/\">Serena Villas 38<\/a> &#8211; 10 septembre 2024<\/li><li><a href=\"https:\/\/alohey.es\/fr\/alojamiento\/duplex-ilic-vue-sur-la-mer\/\">Duplex Ilic Vue sur la mer<\/a> &#8211; 6 ao\u00fbt 2024<\/li><li><a href=\"https:\/\/alohey.es\/fr\/alojamiento\/maison-petra-calme-et-privee-vue-sur-la-mer-piscine-et-barbecue\/\">Maison Petra, calme et priv\u00e9e, vue sur la mer, piscine et barbecue.<\/a> &#8211; 6 ao\u00fbt 2024<\/li><li><a href=\"https:\/\/alohey.es\/fr\/alojamiento\/casa-maria\/\">Casa Maria Duplex Vue sur la mer et les montagnes<\/a> &#8211; 11 juillet 2024<\/li><li><a href=\"https:\/\/alohey.es\/fr\/alojamiento\/bungalow-maria-de-timanfaya\/\">Bungalow Maria de Timanfaya<\/a> &#8211; 17 juin 2024<\/li><li><a href=\"https:\/\/alohey.es\/fr\/alojamiento\/villa-maria-del-mar\/\">Villa Maria del Mar<\/a> &#8211; 17 juin 2024<\/li><li><a href=\"https:\/\/alohey.es\/fr\/alojamiento\/villa-mauruuru\/\">Villa Mauruuru<\/a> &#8211; 13 mai 2024<\/li><li><a href=\"https:\/\/alohey.es\/fr\/alojamiento\/village-botanique\/\">Village botanique<\/a> &#8211; 12 mars 2024<\/li><li><a href=\"https:\/\/alohey.es\/fr\/alojamiento\/villa-solsidan\/\">Villa Solsidan<\/a> &#8211; 25 janvier 2024<\/li><li><a href=\"https:\/\/alohey.es\/fr\/alojamiento\/maison-marlay\/\">Maison Marlay<\/a> &#8211; 17 janvier 2024<\/li><li><a href=\"https:\/\/alohey.es\/fr\/alojamiento\/villa-princesa\/\">Villa Princesa<\/a> &#8211; 15 novembre 2023<\/li><li><a href=\"https:\/\/alohey.es\/fr\/alojamiento\/villa-arabella\/\">Villa Arabella<\/a> &#8211; 15 novembre 2023<\/li><li><a href=\"https:\/\/alohey.es\/fr\/alojamiento\/villa-reina\/\">Villa Reina<\/a> &#8211; 15 novembre 2023<\/li><li><a href=\"https:\/\/alohey.es\/fr\/alojamiento\/villa-rey\/\">Villa Rey<\/a> &#8211; 15 novembre 2023<\/li><li><a href=\"https:\/\/alohey.es\/fr\/alojamiento\/maison-lolalo\/\">Maison Lolalo<\/a> &#8211; 15 juin 2023<\/li><li><a href=\"https:\/\/alohey.es\/fr\/alojamiento\/villa-cavendish\/\">Villa Cavendish<\/a> &#8211; 11 f\u00e9vrier 2023<\/li><li><a href=\"https:\/\/alohey.es\/fr\/alojamiento\/villa-papagayo\/\">Villa Papagayo<\/a> &#8211; 12 septembre 2022<\/li><li><a href=\"https:\/\/alohey.es\/fr\/alojamiento\/villa-orcades\/\">Villa Orcades<\/a> &#8211; 12 septembre 2022<\/li><li><a href=\"https:\/\/alohey.es\/fr\/alojamiento\/villa-magica\/\">Villa M\u00e1gica<\/a> &#8211; 11 septembre 2022<\/li><li><a href=\"https:\/\/alohey.es\/fr\/alojamiento\/maison-paz\/\">Maison Paz<\/a> &#8211; 10 septembre 2022<\/li><li><a href=\"https:\/\/alohey.es\/fr\/alojamiento\/maison-maresia\/\">Maison Mares\u00eda<\/a> &#8211; 9 septembre 2022<\/li><li><a href=\"https:\/\/alohey.es\/fr\/alojamiento\/maison-laura\/\">Maison Laura<\/a> &#8211; 8 septembre 2022<\/li><\/ul><\/div><div class=\"sp-wrap-cpt\"><\/div><\/div><\/div>","protected":false},"excerpt":{"rendered":"","protected":false},"author":1,"featured_media":0,"parent":0,"menu_order":0,"comment_status":"closed","ping_status":"closed","template":"","meta":{"_seopress_robots_primary_cat":"","_seopress_titles_title":"%%post_title%%%%%sep%%%%sitetitle%%%%%post_title%%%%%%sep%%%sitetitle%%%%%%.","_seopress_titles_desc":"","_seopress_robots_index":"oui","footnotes":""},"class_list":["post-43288","page","type-page","status-publish","hentry"],"_links":{"self":[{"href":"https:\/\/alohey.es\/fr\/wp-json\/wp\/v2\/pages\/43288","targetHints":{"allow":["GET"]}}],"collection":[{"href":"https:\/\/alohey.es\/fr\/wp-json\/wp\/v2\/pages"}],"about":[{"href":"https:\/\/alohey.es\/fr\/wp-json\/wp\/v2\/types\/page"}],"author":[{"embeddable":true,"href":"https:\/\/alohey.es\/fr\/wp-json\/wp\/v2\/users\/1"}],"replies":[{"embeddable":true,"href":"https:\/\/alohey.es\/fr\/wp-json\/wp\/v2\/comments?post=43288"}],"version-history":[{"count":0,"href":"https:\/\/alohey.es\/fr\/wp-json\/wp\/v2\/pages\/43288\/revisions"}],"wp:attachment":[{"href":"https:\/\/alohey.es\/fr\/wp-json\/wp\/v2\/media?parent=43288"}],"curies":[{"name":"wp","href":"https:\/\/api.w.org\/{rel}","templated":true}]}}