{"id":40284,"date":"2020-07-21T11:53:21","date_gmt":"2020-07-21T11:53:21","guid":{"rendered":"https:\/\/alohey.es\/politique-de-confidentialite\/"},"modified":"2024-02-06T11:06:14","modified_gmt":"2024-02-06T11:06:14","slug":"politique-de-confidentialite","status":"publish","type":"page","link":"https:\/\/alohey.es\/fr\/politique-de-confidentialite\/","title":{"rendered":"Politique de confidentialit\u00e9"},"content":{"rendered":"\n<p>Luisa Victoria Kr\u00e4mer vous informe de sa politique de confidentialit\u00e9 concernant le traitement et la protection des donn\u00e9es personnelles des utilisateurs et des clients qui peuvent \u00eatre collect\u00e9es lors de la navigation, de l&#8217;achat d&#8217;un produit ou de la conclusion d&#8217;un contrat de service \u00e0 travers le site web <a href=\"https:\/\/artenpie.com\/politica-de-privacidad\/\">https:\/\/alohey.es<\/a>.<\/p>\n\n<p>En ce sens, Luisa Victoria Kr\u00e4mer garantit le respect de la l\u00e9gislation en vigueur en mati\u00e8re de protection des donn\u00e9es personnelles, telle que refl\u00e9t\u00e9e dans la loi organique 3\/2018, du 5 d\u00e9cembre, sur la protection des donn\u00e9es personnelles et la garantie des droits num\u00e9riques (LOPD GDD). Il est \u00e9galement conforme au r\u00e8glement (UE) 2016\/679 du Parlement europ\u00e9en et du Conseil du 27 avril 2016 relatif \u00e0 la protection des personnes physiques (GDPR).<\/p>\n\n<p>L&#8217;utilisation du site web implique l&#8217;acceptation de la pr\u00e9sente politique de confidentialit\u00e9 ainsi que des conditions incluses dans l&#8217;<a href=\"https:\/\/artenpie.com\/aviso-legal\/\">avis juridique<\/a>.<\/p>\n\n<p><strong>Identit\u00e9 de la personne responsable<\/strong><\/p>\n\n<ul class=\"wp-block-list\"><li><strong>Membre :<\/strong> Luisa Victoria Kr\u00e4mer.<\/li><li><strong>NUM\u00c9RO DE TVA :<\/strong> Y5222749S<\/li><li><strong>Adresse :<\/strong> Calle Azalea 1 Casa 10. Playa Blanca (35580)-Las Palmas.<\/li><li><strong>Courriel :<\/strong> info@alohey.es<\/li><li><strong>Site web :<\/strong> <a href=\"https:\/\/alohey.es\/fr\/politique-de-confidentialite\/\">https:\/\/alohey.es<\/a><\/li><\/ul>\n\n<p><strong>Principes appliqu\u00e9s au traitement des donn\u00e9es<\/strong><\/p>\n\n<p>Lors du traitement de vos donn\u00e9es personnelles, le contr\u00f4leur des donn\u00e9es appliquera les principes suivants qui sont conformes aux exigences du nouveau r\u00e8glement europ\u00e9en sur la protection des donn\u00e9es (GDPR) :<\/p>\n\n<ul class=\"wp-block-list\"><li><strong>Principe de l\u00e9galit\u00e9, d&#8217;\u00e9quit\u00e9 et de transparence :<\/strong> le responsable du traitement des donn\u00e9es demandera toujours le consentement de l&#8217;utilisateur pour le traitement des donn\u00e9es \u00e0 caract\u00e8re personnel, qui peut avoir une ou plusieurs finalit\u00e9s sp\u00e9cifiques dont le responsable du traitement des donn\u00e9es informera l&#8217;utilisateur au pr\u00e9alable, en toute transparence.<\/li><li><strong>Principe de minimisation des donn\u00e9es :<\/strong> Le responsable du traitement ne demande que les donn\u00e9es strictement n\u00e9cessaires aux fins pour lesquelles les donn\u00e9es sont demand\u00e9es.<\/li><li><strong>Principe de limitation de la dur\u00e9e de conservation :<\/strong> Le responsable du traitement conserve les donn\u00e9es \u00e0 caract\u00e8re personnel collect\u00e9es pendant la dur\u00e9e strictement n\u00e9cessaire \u00e0 la r\u00e9alisation de la ou des finalit\u00e9s du traitement. Le responsable du traitement des donn\u00e9es informera l&#8217;utilisateur de la p\u00e9riode de conservation correspondante <a href=\"https:\/\/alohey.es\/fr\/politique-de-confidentialite\/#finalidad-del-tratamiento-de-datos-personales\">en fonction de la finalit\u00e9<\/a>.<br\/>Dans le cas des abonnements, le titulaire r\u00e9visera p\u00e9riodiquement les listes et supprimera les enregistrements qui sont rest\u00e9s inactifs pendant une p\u00e9riode de temps consid\u00e9rable.<\/li><li><strong>Principe d&#8217;int\u00e9grit\u00e9 et de confidentialit\u00e9 :<\/strong> les donn\u00e9es \u00e0 caract\u00e8re personnel collect\u00e9es sont trait\u00e9es de mani\u00e8re \u00e0 garantir leur s\u00e9curit\u00e9, leur confidentialit\u00e9 et leur int\u00e9grit\u00e9.<br\/>Le contr\u00f4leur des donn\u00e9es prend les pr\u00e9cautions n\u00e9cessaires pour emp\u00eacher l&#8217;acc\u00e8s non autoris\u00e9 ou l&#8217;utilisation abusive des donn\u00e9es de ses utilisateurs par des tiers.<\/li><\/ul>\n\n<p><strong>Collecte de donn\u00e9es \u00e0 caract\u00e8re personnel<\/strong><\/p>\n\n<p>Pour naviguer sur le <a href=\"https:\/\/alohey.es\/fr\/politique-de-confidentialite\/\">site https:\/\/alohey.es<\/a>, vous n&#8217;avez pas besoin de fournir de donn\u00e9es personnelles.<\/p>\n\n<p>Les cas dans lesquels vous fournissez vos donn\u00e9es personnelles sont les suivants :<\/p>\n\n<ul class=\"wp-block-list\"><li>Lors de l&#8217;achat d&#8217;un produit ou de la conclusion d&#8217;un contrat de service.<\/li><li>En s&#8217;inscrivant \u00e0 un formulaire d&#8217;abonnement ou \u00e0 une lettre d&#8217;information que le Propri\u00e9taire g\u00e8re avec <a href=\"https:\/\/alohey.es\/fr\/politique-de-confidentialite\/#destinatarios\">MailChimp<\/a>.<\/li><\/ul>\n\n<p><strong>Droits de l&#8217;homme<\/strong><\/p>\n\n<p>Le responsable du traitement vous informe que vous avez le droit d&#8217;acc\u00e9der \u00e0 vos donn\u00e9es personnelles :<\/p>\n\n<ul class=\"wp-block-list\"><li>Demander l&#8217;acc\u00e8s aux donn\u00e9es stock\u00e9es.<\/li><li>Demander une rectification ou une annulation.<\/li><li>demander la limitation de leur traitement.<\/li><li>S&#8217;opposer au traitement.<\/li><\/ul>\n\n<p>Vous ne pouvez pas exercer votre droit \u00e0 la portabilit\u00e9 des donn\u00e9es.<\/p>\n\n<p>L&#8217;exercice de ces droits est personnel et doit donc \u00eatre exerc\u00e9 directement par l&#8217;int\u00e9ress\u00e9, en le demandant directement au contr\u00f4leur de donn\u00e9es, ce qui signifie que tout client, abonn\u00e9 ou collaborateur qui a fourni ses donn\u00e9es \u00e0 tout moment, peut contacter Luisa Victoria Kr\u00e4mer et demander des informations sur les donn\u00e9es stock\u00e9es et la fa\u00e7on dont elles ont \u00e9t\u00e9 obtenues, demander la rectification des donn\u00e9es, s&#8217;opposer \u00e0 leur traitement, limiter leur utilisation ou demander l&#8217;annulation de ces donn\u00e9es dans les fichiers du contr\u00f4leur de donn\u00e9es.<\/p>\n\n<p>Pour exercer vos droits d&#8217;acc\u00e8s, de rectification, d&#8217;annulation et d&#8217;opposition, vous devez envoyer un courrier \u00e9lectronique \u00e0 info@alohey.es, accompagn\u00e9 d&#8217;une preuve juridique valable telle qu&#8217;une photocopie de votre carte d&#8217;identit\u00e9 ou d&#8217;un document \u00e9quivalent.<\/p>\n\n<p>Vous avez le droit de b\u00e9n\u00e9ficier d&#8217;une protection juridictionnelle effective et d&#8217;introduire une r\u00e9clamation aupr\u00e8s de l&#8217;autorit\u00e9 de contr\u00f4le, en l&#8217;occurrence l&#8217;Agence espagnole de protection des donn\u00e9es, si vous estimez que le traitement des donn\u00e9es \u00e0 caract\u00e8re personnel vous concernant n&#8217;est pas conforme au r\u00e8glement.<\/p>\n\n<p><strong>Finalit\u00e9 du traitement des donn\u00e9es \u00e0 caract\u00e8re personnel<\/strong><\/p>\n\n<p>Lorsque vous vous connectez au site web pour envoyer un courriel au propri\u00e9taire, vous abonner \u00e0 sa lettre d&#8217;information, acheter un produit ou conclure un contrat, vous fournissez des informations personnelles dont Luisa Victoria Kr\u00e4mer est responsable. Ces informations peuvent inclure des donn\u00e9es personnelles telles que votre adresse IP, vos nom et pr\u00e9nom, votre adresse physique, votre adresse \u00e9lectronique, votre num\u00e9ro de t\u00e9l\u00e9phone et d&#8217;autres informations. En fournissant ces informations, vous consentez \u00e0 ce qu&#8217;elles soient collect\u00e9es, utilis\u00e9es, g\u00e9r\u00e9es et stock\u00e9es par &#8211; www.siteground.com &#8211; uniquement de la mani\u00e8re d\u00e9crite dans les <a href=\"https:\/\/alohey.es\/fr\/avis-juridique\/\">mentions l\u00e9gales<\/a> et la pr\u00e9sente <a href=\"https:\/\/alohey.es\/fr\/politique-de-confidentialite\/\">politique de confidentialit\u00e9<\/a>.<\/p>\n\n<p>Les donn\u00e9es personnelles et la finalit\u00e9 du traitement par la personne concern\u00e9e diff\u00e8rent selon le syst\u00e8me de saisie de l&#8217;information :<\/p>\n\n<ul class=\"wp-block-list\"><li><strong>Formulaires pour la passation de march\u00e9s de produits ou de services :<\/strong>  Le propri\u00e9taire demande des donn\u00e9es personnelles, qui peuvent inclure : nom et pr\u00e9nom, document d&#8217;identit\u00e9 (num\u00e9ro d&#8217;identification fiscale, num\u00e9ro d&#8217;identification des \u00e9trangers, passeport ou permis de s\u00e9jour), adresse \u00e9lectronique, adresse postale, num\u00e9ro de t\u00e9l\u00e9phone et d\u00e9tails de paiement (m\u00e9thodes de paiement ou coordonn\u00e9es bancaires) afin de maintenir une relation commerciale avec l&#8217;utilisateur, d&#8217;envoyer des commandes, de fournir les services contractuels et de facturer et percevoir le paiement des produits ou services contractuels.<\/li><li><strong>Formulaires d&#8217;inscription au contenu :<\/strong> le propri\u00e9taire demande les donn\u00e9es personnelles suivantes : nom et pr\u00e9nom, adresse \u00e9lectronique, num\u00e9ro de t\u00e9l\u00e9phone et adresse du site web afin de g\u00e9rer la liste d&#8217;inscription, d&#8217;envoyer des bulletins d&#8217;information, des promotions et des offres sp\u00e9ciales.<br\/>Les donn\u00e9es \u00e0 caract\u00e8re personnel fournies au contr\u00f4leur des donn\u00e9es seront stock\u00e9es sur les serveurs de The Rocket Science Group LLC d\/b\/a, domicili\u00e9 aux \u00c9tats-Unis. (Mailchimp).<\/li><\/ul>\n\n<p>Le contr\u00f4leur des donn\u00e9es traite les donn\u00e9es \u00e0 caract\u00e8re personnel \u00e0 d&#8217;autres fins :<\/p>\n\n<ul class=\"wp-block-list\"><li>Assurer le respect des conditions \u00e9nonc\u00e9es dans l&#8217;<a href=\"https:\/\/alohey.es\/fr\/avis-juridique\/\">avis juridique<\/a> et de la l\u00e9gislation applicable. Cela peut inclure le d\u00e9veloppement d&#8217;outils et d&#8217;algorithmes pour aider ce site web \u00e0 assurer la confidentialit\u00e9 des donn\u00e9es personnelles qu&#8217;il recueille.<\/li><li>Soutenir et am\u00e9liorer les services offerts par ce site web.<\/li><li>Analyser la navigation des utilisateurs. Le propri\u00e9taire recueille d&#8217;autres donn\u00e9es non identifiantes obtenues par l&#8217;utilisation de cookies qui sont t\u00e9l\u00e9charg\u00e9s sur l&#8217;ordinateur de l&#8217;utilisateur lorsqu&#8217;il navigue sur le site Web, dont les caract\u00e9ristiques et l&#8217;objectif sont d\u00e9taill\u00e9s dans la <a href=\"https:\/\/alohey.es\/fr\/politique-en-matiere-de-cookies\/\">politique en mati\u00e8re de cookies<\/a>.<\/li><li>G\u00e9rer les r\u00e9seaux sociaux. Luisa Victoria Kr\u00e4mer est pr\u00e9sente sur les m\u00e9dias sociaux. Si vous devenez un adepte des r\u00e9seaux sociaux du Titulaire, le traitement des donn\u00e9es personnelles sera r\u00e9gi par la pr\u00e9sente section, ainsi que par les conditions d&#8217;utilisation, les politiques de confidentialit\u00e9 et les r\u00e8gles d&#8217;acc\u00e8s propres au r\u00e9seau social qui s&#8217;applique dans chaque cas et que vous avez pr\u00e9alablement accept\u00e9es.<br\/>Vous pouvez consulter les politiques de confidentialit\u00e9 des principaux r\u00e9seaux sociaux en cliquant sur ces liens :<ul><li><a href=\"https:\/\/www.facebook.com\/help\/cookies\" target=\"_blank\" rel=\"noreferrer noopener\">Facebook<\/a><\/li><li><a href=\"https:\/\/twitter.com\/privacy\" target=\"_blank\" rel=\"noreferrer noopener\">Twitter<\/a><\/li><li><a href=\"https:\/\/www.linkedin.com\/legal\/cookie-policy\" target=\"_blank\" rel=\"noreferrer noopener\">Linkedin<\/a><\/li><li><a href=\"https:\/\/www.youtube.com\/privacy\" target=\"_blank\" rel=\"noreferrer noopener\">YouTube<\/a><\/li><li><a href=\"https:\/\/www.instagram.com\/legal\/privacy\/\" target=\"_blank\" rel=\"noreferrer noopener\">Instagram<\/a><\/li><\/ul><\/li><\/ul>\n\n<p>Le Titulaire traitera vos donn\u00e9es personnelles afin de g\u00e9rer correctement sa pr\u00e9sence sur le r\u00e9seau social, de vous informer de ses activit\u00e9s, produits ou services, ainsi que pour toute autre finalit\u00e9 que les r\u00e8glements des r\u00e9seaux sociaux autorisent.En aucun cas le Titulaire n&#8217;utilisera les profils des followers dans les r\u00e9seaux sociaux pour envoyer de la publicit\u00e9 de mani\u00e8re individuelle.<\/p>\n\n<p><strong>S\u00e9curit\u00e9 des donn\u00e9es personnelles<\/strong><\/p>\n\n<p>Pour prot\u00e9ger vos donn\u00e9es \u00e0 caract\u00e8re personnel, le contr\u00f4leur des donn\u00e9es prend toutes les pr\u00e9cautions raisonnables et suit les meilleures pratiques du secteur pour \u00e9viter la perte, l&#8217;utilisation abusive, l&#8217;acc\u00e8s inappropri\u00e9, la divulgation, l&#8217;alt\u00e9ration ou la destruction de vos donn\u00e9es \u00e0 caract\u00e8re personnel.<\/p>\n\n<p>Le site web est h\u00e9berg\u00e9 \u00e0 l&#8217;adresse www.siteground.com. La s\u00e9curit\u00e9 des donn\u00e9es est garantie, car ils prennent toutes les mesures de s\u00e9curit\u00e9 n\u00e9cessaires. Vous pouvez consulter leur politique de confidentialit\u00e9 pour plus d&#8217;informations.<\/p>\n\n<p>Luisa Victoria Kr\u00e4mer informe l&#8217;Utilisateur que ses donn\u00e9es personnelles ne seront pas transf\u00e9r\u00e9es \u00e0 des organisations tierces, \u00e0 l&#8217;exception des cas o\u00f9 un tel transfert de donn\u00e9es est couvert par une obligation l\u00e9gale ou lorsque la fourniture d&#8217;un service implique la n\u00e9cessit\u00e9 d&#8217;une relation contractuelle avec un processeur de donn\u00e9es. Dans ce dernier cas, le transfert de donn\u00e9es au tiers n&#8217;aura lieu que lorsque Luisa Victoria Kr\u00e4mer aura obtenu le consentement expr\u00e8s de l&#8217;utilisateur.<\/p>\n\n<p>Toutefois, dans certains cas, des collaborations peuvent \u00eatre \u00e9tablies avec d&#8217;autres professionnels ; dans ce cas, le consentement de l&#8217;utilisateur sera requis, avec indication de l&#8217;identit\u00e9 du collaborateur et de l&#8217;objet de la collaboration. Elle sera toujours r\u00e9alis\u00e9e dans le respect des normes de s\u00e9curit\u00e9 les plus strictes.<\/p>\n\n<p><strong>Contenu d&#8217;autres sites web<\/strong><\/p>\n\n<p>Les pages de ce site web peuvent contenir du contenu int\u00e9gr\u00e9 (par exemple des vid\u00e9os, des images, des articles, etc.). Le contenu incorpor\u00e9 provenant d&#8217;autres sites web se comporte exactement de la m\u00eame mani\u00e8re que si vous aviez visit\u00e9 l&#8217;autre site web.<\/p>\n\n<p>Ces sites web peuvent collecter des donn\u00e9es vous concernant, utiliser des cookies, int\u00e9grer des codes de suivi suppl\u00e9mentaires provenant de tiers et contr\u00f4ler votre interaction avec ces codes.<\/p>\n\n<p><strong>Politique en mati\u00e8re de cookies<\/strong><\/p>\n\n<p>Pour que ce site web fonctionne correctement, il doit utiliser des cookies, qui sont des informations stock\u00e9es dans votre navigateur web.<\/p>\n\n<p>Sur la page <a href=\"https:\/\/alohey.es\/fr\/politique-en-matiere-de-cookies\/\">Politique en mati\u00e8re de cookies <\/a>, vous pouvez consulter toutes les informations relatives \u00e0 la politique de collecte, \u00e0 la finalit\u00e9 et au traitement des cookies.<\/p>\n\n<p><strong>L\u00e9gitimation du traitement des donn\u00e9es<\/strong><\/p>\n\n<p>La base juridique du traitement de vos donn\u00e9es est le consentement.<\/p>\n\n<p>Pour contacter le propri\u00e9taire, s&#8217;abonner \u00e0 un bulletin d&#8217;information ou faire des commentaires sur ce site web, vous devez accepter la pr\u00e9sente politique de confidentialit\u00e9.<\/p>\n\n<p><strong>Cat\u00e9gories de donn\u00e9es \u00e0 caract\u00e8re personnel<\/strong><\/p>\n\n<p>Les cat\u00e9gories de donn\u00e9es \u00e0 caract\u00e8re personnel trait\u00e9es par le contr\u00f4leur des donn\u00e9es sont les suivantes :<\/p>\n\n<ul class=\"wp-block-list\"><li>Donn\u00e9es d&#8217;identification.<\/li><li>Aucune cat\u00e9gorie de donn\u00e9es sp\u00e9cialement prot\u00e9g\u00e9e n&#8217;est trait\u00e9e.<\/li><\/ul>\n\n<p><strong>Conservation des donn\u00e9es \u00e0 caract\u00e8re personnel<\/strong><\/p>\n\n<p>Les donn\u00e9es personnelles que vous fournissez au contr\u00f4leur des donn\u00e9es seront conserv\u00e9es jusqu&#8217;\u00e0 ce que vous demandiez leur suppression.<\/p>\n\n<p><strong>Destinataires des donn\u00e9es \u00e0 caract\u00e8re personnel<\/strong><\/p>\n\n<ul class=\"wp-block-list\"><li><strong>Mailchimp<\/strong> The Rocket Science Group LLC d\/b\/a , domicili\u00e9 aux \u00c9tats-Unis.<br\/>Plus d&#8217;informations \u00e0 l&#8217;adresse <a href=\"https:\/\/mailchimp.com\/legal\/privacy\/\" target=\"_blank\" rel=\"noreferrer noopener\">suivante : https:\/\/mailchimp.com<\/a><br\/>The Rocket Science Group LLC d\/b\/a traite les donn\u00e9es dans le but de fournir des services de marketing par courriel \u00e0 la personne concern\u00e9e.<\/li><li><strong>Google Analytics<\/strong> est un service d&#8217;analyse du Web fourni par Google, Inc, une soci\u00e9t\u00e9 du Delaware dont le si\u00e8ge social se trouve au 1600 Amphitheatre Parkway, Mountain View, Californie, CA 94043, \u00c9tats-Unis (&#8220;Google&#8221;).<br\/>Google Analytics utilise des &#8220;cookies&#8221;, qui sont des fichiers texte plac\u00e9s sur votre ordinateur, pour aider le propri\u00e9taire du site \u00e0 analyser l&#8217;utilisation du site par ses utilisateurs. Les informations g\u00e9n\u00e9r\u00e9es par le cookie concernant votre utilisation du site (y compris votre adresse IP) seront transmises et stock\u00e9es par Google sur des serveurs situ\u00e9s aux Etats-Unis.<br\/>Plus d&#8217;informations \u00e0 l&#8217;adresse <a href=\"https:\/\/policies.google.com\/privacy?hl=es-ES\" target=\"_blank\" rel=\"noreferrer noopener\">suivante : https:\/\/analytics.google.com<\/a><\/li><li><strong>Google AdSense<\/strong> est un ensemble de services publicitaires fournis par Google, Inc, une soci\u00e9t\u00e9 du Delaware dont le si\u00e8ge social est situ\u00e9 au 1600 Amphitheatre Parkway, Mountain View (Californie), CA 94043, \u00c9tats-Unis (&#8220;Google&#8221;).<br\/>AdSense utilise des cookies pour am\u00e9liorer la publicit\u00e9, cibler la publicit\u00e9 en fonction du contenu pertinent pour les utilisateurs et am\u00e9liorer les rapports sur les performances des campagnes.<br\/>Plus d&#8217;informations \u00e0 l&#8217;adresse <a href=\"https:\/\/policies.google.com\/privacy?hl=es-ES\" target=\"_blank\" rel=\"noreferrer noopener\">suivante : https:\/\/www.google.com\/adsense<\/a><\/li><\/ul>\n\n<p>La page des <a href=\"https:\/\/policies.google.com\/privacy?hl=es\" target=\"_blank\" rel=\"noreferrer noopener\">r\u00e8gles de confidentialit\u00e9<\/a> de Google explique comment Google g\u00e8re la confidentialit\u00e9 en ce qui concerne l&#8217;utilisation des cookies et d&#8217;autres informations.<\/p>\n\n<p>Vous pouvez \u00e9galement consulter la liste des <a href=\"https:\/\/policies.google.com\/technologies\/types?hl=es\" target=\"_blank\" rel=\"noreferrer noopener\">types de cookies<\/a> utilis\u00e9s par Google et ses partenaires, ainsi que des informations sur l&#8217;utilisation de <a href=\"https:\/\/policies.google.com\/technologies\/ads?hl=es\" target=\"_blank\" rel=\"noreferrer noopener\">cookies publicitaires<\/a>.<\/p>\n\n<p><strong>Navigation sur Internet<\/strong><\/p>\n\n<p>Lors de la navigation sur <a href=\"https:\/\/alohey.es\/fr\/politique-de-confidentialite\/\">https:\/\/alohey.es<\/a>, des donn\u00e9es non identifiantes peuvent \u00eatre collect\u00e9es, notamment l&#8217;adresse IP, la g\u00e9olocalisation, un enregistrement de la mani\u00e8re dont les services et les sites sont utilis\u00e9s, les habitudes de navigation et d&#8217;autres donn\u00e9es qui ne peuvent pas \u00eatre utilis\u00e9es pour vous identifier.<\/p>\n\n<p>Le site Web utilise les services d&#8217;analyse de tiers suivants :<\/p>\n\n<ul class=\"wp-block-list\"><li>Google Analytics.<\/li><li>Google AdSense.<\/li><\/ul>\n\n<p>Le propri\u00e9taire utilise les informations obtenues pour obtenir des donn\u00e9es statistiques, analyser les tendances, administrer le site, \u00e9tudier les habitudes de navigation et recueillir des informations d\u00e9mographiques.<\/p>\n\n<p>Le Propri\u00e9taire n&#8217;est pas responsable du traitement des donn\u00e9es personnelles par les sites web auxquels vous pouvez acc\u00e9der par les diff\u00e9rents liens contenus dans le site web.<\/p>\n\n<p><strong>Exactitude et v\u00e9racit\u00e9 des donn\u00e9es personnelles<\/strong><\/p>\n\n<p>Vous vous engagez \u00e0 ce que les donn\u00e9es fournies au contr\u00f4leur des donn\u00e9es soient correctes, compl\u00e8tes, pr\u00e9cises et \u00e0 jour, ainsi qu&#8217;\u00e0 les maintenir d\u00fbment mises \u00e0 jour.<\/p>\n\n<p>En tant qu&#8217;utilisateur du site web, vous \u00eates seul responsable de la v\u00e9racit\u00e9 et de l&#8217;exactitude des donn\u00e9es transmises au site web, exon\u00e9rant Luisa Victoria Kr\u00e4mer de toute responsabilit\u00e9 \u00e0 cet \u00e9gard.<\/p>\n\n<p><strong>Acceptation et consentement<\/strong><\/p>\n\n<p>En tant qu&#8217;utilisateur du site web, vous d\u00e9clarez avoir \u00e9t\u00e9 inform\u00e9 des conditions relatives \u00e0 la protection des donn\u00e9es personnelles, vous acceptez et consentez au traitement de ces donn\u00e9es par Luisa Victoria Kr\u00e4mer de la mani\u00e8re et aux fins indiqu\u00e9es dans la pr\u00e9sente politique de confidentialit\u00e9.<\/p>\n\n<p><strong>R\u00e9vocabilit\u00e9<\/strong><\/p>\n\n<p>Pour exercer vos droits d&#8217;acc\u00e8s, de rectification, d&#8217;annulation et d&#8217;opposition, vous devez envoyer un courrier \u00e9lectronique \u00e0 info@alohey.es, accompagn\u00e9 d&#8217;une preuve juridique valable telle qu&#8217;une photocopie de votre carte d&#8217;identit\u00e9 ou d&#8217;un document \u00e9quivalent.<\/p>\n\n<p>L&#8217;exercice de ces droits ne concerne pas les donn\u00e9es que Luisa Victoria Kr\u00e4mer est oblig\u00e9e de conserver \u00e0 des fins administratives, l\u00e9gales ou de s\u00e9curit\u00e9.<\/p>\n\n<p><strong>Modifications de la politique de confidentialit\u00e9<\/strong><\/p>\n\n<p>Le propri\u00e9taire se r\u00e9serve le droit de modifier cette politique de confidentialit\u00e9 afin de l&#8217;adapter aux nouvelles l\u00e9gislations ou jurisprudences, ainsi qu&#8217;aux pratiques de l&#8217;industrie.<\/p>\n\n<p>Ces politiques restent en vigueur jusqu&#8217;\u00e0 ce qu&#8217;elles soient modifi\u00e9es par d&#8217;autres politiques d\u00fbment publi\u00e9es.<\/p>\n","protected":false},"excerpt":{"rendered":"<p>Luisa Victoria Kr\u00e4mer vous informe de sa politique de confidentialit\u00e9 concernant le traitement et la protection des donn\u00e9es personnelles des utilisateurs et des clients qui peuvent \u00eatre collect\u00e9es lors de la navigation, de l&#8217;achat d&#8217;un produit ou de la conclusion d&#8217;un contrat de service \u00e0 travers le site web https:\/\/alohey.es. En ce sens, Luisa Victoria &#8230;<\/p>\n","protected":false},"author":1,"featured_media":0,"parent":0,"menu_order":0,"comment_status":"closed","ping_status":"closed","template":"terms_conditions.php","meta":{"_seopress_robots_primary_cat":"","_seopress_titles_title":"","_seopress_titles_desc":"","_seopress_robots_index":"yes","footnotes":""},"class_list":["post-40284","page","type-page","status-publish","hentry"],"_links":{"self":[{"href":"https:\/\/alohey.es\/fr\/wp-json\/wp\/v2\/pages\/40284","targetHints":{"allow":["GET"]}}],"collection":[{"href":"https:\/\/alohey.es\/fr\/wp-json\/wp\/v2\/pages"}],"about":[{"href":"https:\/\/alohey.es\/fr\/wp-json\/wp\/v2\/types\/page"}],"author":[{"embeddable":true,"href":"https:\/\/alohey.es\/fr\/wp-json\/wp\/v2\/users\/1"}],"replies":[{"embeddable":true,"href":"https:\/\/alohey.es\/fr\/wp-json\/wp\/v2\/comments?post=40284"}],"version-history":[{"count":0,"href":"https:\/\/alohey.es\/fr\/wp-json\/wp\/v2\/pages\/40284\/revisions"}],"wp:attachment":[{"href":"https:\/\/alohey.es\/fr\/wp-json\/wp\/v2\/media?parent=40284"}],"curies":[{"name":"wp","href":"https:\/\/api.w.org\/{rel}","templated":true}]}}