{"id":40212,"date":"2015-04-16T13:58:30","date_gmt":"2015-04-16T13:58:30","guid":{"rendered":"https:\/\/alohey.es\/hebergement\/"},"modified":"2024-03-12T12:13:17","modified_gmt":"2024-03-12T12:13:17","slug":"hebergement","status":"publish","type":"page","link":"https:\/\/alohey.es\/fr\/hebergement\/","title":{"rendered":"Maisons de vacances"},"content":{"rendered":"","protected":false},"excerpt":{"rendered":"","protected":false},"author":1,"featured_media":0,"parent":0,"menu_order":0,"comment_status":"open","ping_status":"closed","template":"property_list.php","meta":{"_seopress_robots_primary_cat":"","_seopress_titles_title":"%%post_title%%% %%page%% \u00e0 Lanzarote%sep%%% %%sitetitle%%%% %%sitetitle%%% \u00e0 Lanzarote%sep%%% %%sitetitle%%%%","_seopress_titles_desc":"Trouvez la maison de vacances id\u00e9ale pour profiter au maximum de vos vacances \u00e0 Lanzarote. S\u00e9lection unique de maisons de vacances \u00e0 Lanzarote.","_seopress_robots_index":"","footnotes":""},"class_list":["post-40212","page","type-page","status-publish","hentry"],"_links":{"self":[{"href":"https:\/\/alohey.es\/fr\/wp-json\/wp\/v2\/pages\/40212","targetHints":{"allow":["GET"]}}],"collection":[{"href":"https:\/\/alohey.es\/fr\/wp-json\/wp\/v2\/pages"}],"about":[{"href":"https:\/\/alohey.es\/fr\/wp-json\/wp\/v2\/types\/page"}],"author":[{"embeddable":true,"href":"https:\/\/alohey.es\/fr\/wp-json\/wp\/v2\/users\/1"}],"replies":[{"embeddable":true,"href":"https:\/\/alohey.es\/fr\/wp-json\/wp\/v2\/comments?post=40212"}],"version-history":[{"count":0,"href":"https:\/\/alohey.es\/fr\/wp-json\/wp\/v2\/pages\/40212\/revisions"}],"wp:attachment":[{"href":"https:\/\/alohey.es\/fr\/wp-json\/wp\/v2\/media?parent=40212"}],"curies":[{"name":"wp","href":"https:\/\/api.w.org\/{rel}","templated":true}]}}