{"id":43290,"date":"2024-02-09T14:59:55","date_gmt":"2024-02-09T14:59:55","guid":{"rendered":"https:\/\/alohey.es\/lageplan\/"},"modified":"2024-03-12T12:14:12","modified_gmt":"2024-03-12T12:14:12","slug":"lageplan","status":"publish","type":"page","link":"https:\/\/alohey.es\/de\/lageplan\/","title":{"rendered":"Lageplan"},"content":{"rendered":"<div class=\"wp-block-wpseopress-sitemap\"><div class=\"wrap-html-sitemap sp-html-sitemap\"><div class=\"sp-wrap-cpt\"><h2 class=\"sp-cpt-name\">Seiten<\/h2><ul class=\"sp-list-posts sp-cpt-hierarchical\"><li class=\"page_item page-item-49752\"><a href=\"https:\/\/alohey.es\/de\/politica-de-contratacion\/\">Pol\u00edtica de contrataci\u00f3n<\/a><\/li><li class=\"page_item page-item-44425\"><a href=\"https:\/\/alohey.es\/de\/ferienunterkuenfte-auf-lanzarote-entdecken-sie-die-insel-mit-alohey-es\/\">Ferienunterk\u00fcnfte auf Lanzarote &#8211; Entdecken Sie die Insel mit Alohey.es<\/a><\/li><li class=\"page_item page-item-43290\"><a href=\"https:\/\/alohey.es\/de\/lageplan\/\">Lageplan<\/a><\/li><li class=\"page_item page-item-39886\"><a href=\"https:\/\/alohey.es\/de\/villen-mit-pool-auf-lanzarote\/\">Villen mit Pool auf Lanzarote<\/a><\/li><li class=\"page_item page-item-40229\"><a href=\"https:\/\/alohey.es\/de\/ferienunterkuenfte-in-lanzarote\/\">Ferienvillen und Ferienh\u00e4user zur Miete in Lanzarote<\/a><\/li><li class=\"page_item page-item-40223\"><a href=\"https:\/\/alohey.es\/de\/villen-zur-miete-in-playa-blanca\/\">Villen zur Miete in Playa Blanca<\/a><\/li><li class=\"page_item page-item-40241 current_page_parent\"><a href=\"https:\/\/alohey.es\/de\/alohey-blog\/\">Alohey Blog<\/a><\/li><li class=\"page_item page-item-40292\"><a href=\"https:\/\/alohey.es\/de\/ueber-uns\/\">\u00dcber uns<\/a><\/li><li class=\"page_item page-item-40245\"><a href=\"https:\/\/alohey.es\/de\/erweiterte-suche\/\">Erweiterte Suche<\/a><\/li><li class=\"page_item page-item-40315\"><a href=\"https:\/\/alohey.es\/de\/\">Vermietung von Ferienwohnungen und Ferienunterk\u00fcnften auf Lanzarote \u2013 Alohey<\/a><\/li><li class=\"page_item page-item-40252\"><a href=\"https:\/\/alohey.es\/de\/kontakt\/\">Kontakt<\/a><\/li><li class=\"page_item page-item-40218\"><a href=\"https:\/\/alohey.es\/de\/mieten-sie-ihre-immobilie-auf-lanzarote\/\">Mieten Sie Ihre Immobilie auf Lanzarote<\/a><\/li><li class=\"page_item page-item-40213\"><a href=\"https:\/\/alohey.es\/de\/unterkunft\/\">Ferienh\u00e4user<\/a><\/li><\/ul><\/div><div class=\"sp-wrap-cpt\"><h2 class=\"sp-cpt-name\">Beitr\u00e4ge<\/h2><div class=\"sp-wrap-cats\"><div class=\"sp-wrap-cat\"><h3 class=\"sp-cat-name\"><a href=\"https:\/\/alohey.es\/de\/tourismus-und-aktivitaten-auf-lanzarote\/aktivitaten-auf-lanzarote\/\">Aktivit\u00e4ten auf Lanzarote<\/a><\/h3><ul class=\"sp-list-posts\"><li><a href=\"https:\/\/alohey.es\/de\/reisefuehrer-fuer-lanzarote-in-allen-jahreszeiten\/\">Reisef\u00fchrer f\u00fcr Lanzarote in allen Jahreszeiten<\/a> &#8211; 15 Juli 2024<\/li><li><a href=\"https:\/\/alohey.es\/de\/die-besten-wanderrouten-auf-lanzarote-eine-unvergessliche-reise-durch-die-natur\/\">Die besten Wanderrouten auf Lanzarote: Eine unvergessliche Reise durch die Natur<\/a> &#8211; 2 Juli 2024<\/li><li><a href=\"https:\/\/alohey.es\/de\/beliebte-feste-und-kulturelle-veranstaltungen-auf-lanzarote-ihr-leitfaden-um-sie-in-vollen-zuegen-zu-geniessen\/\">Beliebte Feste und kulturelle Veranstaltungen auf Lanzarote: Ihr Leitfaden, um sie in vollen Z\u00fcgen zu genie\u00dfen<\/a> &#8211; 18 M\u00e4rz 2024<\/li><li><a href=\"https:\/\/alohey.es\/de\/planen-sie-unvergessliche-flitterwochen-auf-lanzarote\/\">Planen Sie unverge\u00dfliche Flitterwochen auf Lanzarote<\/a> &#8211; 4 M\u00e4rz 2024<\/li><li><a href=\"https:\/\/alohey.es\/de\/die-besten-straende-auf-lanzarote-zum-entspannen-und-schnorcheln\/\">Die besten Str\u00e4nde auf Lanzarote zum Entspannen und Schnorcheln<\/a> &#8211; 16 Oktober 2023<\/li><li><a href=\"https:\/\/alohey.es\/de\/entdecken-sie-die-kultur-und-geschichte-von-lanzarote-orte-die-sie-besuchen-sollten\/\">Entdecken Sie die Kultur und Geschichte von Lanzarote: Orte, die Sie besuchen sollten<\/a> &#8211; 19 September 2023<\/li><li><a href=\"https:\/\/alohey.es\/de\/entdecken-sie-den-nervenkitzel-im-vulkanischen-paradies\/\">Entdecken Sie den Nervenkitzel im vulkanischen Paradies<\/a> &#8211; 11 August 2023<\/li><li><a href=\"https:\/\/alohey.es\/de\/encantos-de-lanzarote-una-guia-turistica-para-los-amantes-del-sol-y-la-playa\/\">Encantos de Lanzarote: Una gu\u00eda tur\u00edstica para los amantes del sol y la playa<\/a> &#8211; 3 Juli 2023<\/li><li><a href=\"https:\/\/alohey.es\/de\/delfines-y-ballenas-en-lanzarote\/\">Delfines y ballenas en Lanzarote<\/a> &#8211; 21 Juni 2023<\/li><li><a href=\"https:\/\/alohey.es\/de\/bucear-en-lanzarote\/\">Bucear en Lanzarote<\/a> &#8211; 13 Juni 2023<\/li><li><a href=\"https:\/\/alohey.es\/de\/la-geria-lanzarote\/\">La Geria Lanzarote<\/a> &#8211; 14 Februar 2023<\/li><\/ul><\/div><div class=\"sp-wrap-cat\"><h3 class=\"sp-cat-name\"><a href=\"https:\/\/alohey.es\/de\/alohey-nachrichten\/\">Alohey Nachrichten<\/a><\/h3><ul class=\"sp-list-posts\"><li><a href=\"https:\/\/alohey.es\/de\/alohey-consigue-la-calificacion-superhost-de-airbnb\/\">Alohey consigue la calificaci\u00f3n Superhost de Airbnb<\/a> &#8211; 19 April 2023<\/li><\/ul><\/div><div class=\"sp-wrap-cat\"><h3 class=\"sp-cat-name\"><a href=\"https:\/\/alohey.es\/de\/ferienunterkunfte-und-immobilien-auf-lanzarote\/\">Ferienunterk\u00fcnfte und Immobilien auf Lanzarote<\/a><\/h3><ul class=\"sp-list-posts\"><li><a href=\"https:\/\/alohey.es\/de\/vorteile-der-anmietung-eines-ferienhauses-anstelle-eines-hotels\/\">Vorteile der Anmietung eines Ferienhauses anstelle eines Hotels<\/a> &#8211; 8 Januar 2024<\/li><\/ul><\/div><div class=\"sp-wrap-cat\"><h3 class=\"sp-cat-name\"><a href=\"https:\/\/alohey.es\/de\/tourismus-und-aktivitaten-auf-lanzarote\/kultur-und-traditionen-auf-lanzarote\/\">Kultur und Traditionen auf Lanzarote<\/a><\/h3><ul class=\"sp-list-posts\"><li><a href=\"https:\/\/alohey.es\/de\/entdecken-sie-das-kunsthandwerk-und-die-souvenirs-von-lanzarote\/\">Entdecken Sie das Kunsthandwerk und die Souvenirs von Lanzarote<\/a> &#8211; 16 September 2024<\/li><li><a href=\"https:\/\/alohey.es\/de\/entdecken-sie-den-charme-der-schoensten-doerfer-von-lanzarote\/\">Entdecken Sie den Charme der sch\u00f6nsten D\u00f6rfer von Lanzarote<\/a> &#8211; 12 Februar 2024<\/li><li><a href=\"https:\/\/alohey.es\/de\/el-arte-de-cesar-manrique-en-lanzarote\/\">Die Kunst von C\u00e9sar Manrique auf Lanzarote<\/a> &#8211; 5 Februar 2024<\/li><li><a href=\"https:\/\/alohey.es\/de\/die-faszinierende-geschichte-der-guanchen-ureinwohner-auf-lanzarote\/\">Die faszinierende Geschichte der Guanchen-Ureinwohner auf Lanzarote<\/a> &#8211; 13 November 2023<\/li><li><a href=\"https:\/\/alohey.es\/de\/entdecken-sie-die-kultur-und-geschichte-von-lanzarote-orte-die-sie-besuchen-sollten\/\">Entdecken Sie die Kultur und Geschichte von Lanzarote: Orte, die Sie besuchen sollten<\/a> &#8211; 19 September 2023<\/li><\/ul><\/div><div class=\"sp-wrap-cat\"><h3 class=\"sp-cat-name\"><a href=\"https:\/\/alohey.es\/de\/tourismus-und-aktivitaten-auf-lanzarote\/naturliche-standorte\/\">Nat\u00fcrliche Standorte<\/a><\/h3><ul class=\"sp-list-posts\"><li><a href=\"https:\/\/alohey.es\/de\/reisefuehrer-fuer-lanzarote-in-allen-jahreszeiten\/\">Reisef\u00fchrer f\u00fcr Lanzarote in allen Jahreszeiten<\/a> &#8211; 15 Juli 2024<\/li><li><a href=\"https:\/\/alohey.es\/de\/die-besten-wanderrouten-auf-lanzarote-eine-unvergessliche-reise-durch-die-natur\/\">Die besten Wanderrouten auf Lanzarote: Eine unvergessliche Reise durch die Natur<\/a> &#8211; 2 Juli 2024<\/li><li><a href=\"https:\/\/alohey.es\/de\/planen-sie-unvergessliche-flitterwochen-auf-lanzarote\/\">Planen Sie unverge\u00dfliche Flitterwochen auf Lanzarote<\/a> &#8211; 4 M\u00e4rz 2024<\/li><li><a href=\"https:\/\/alohey.es\/de\/die-besten-straende-auf-lanzarote-zum-entspannen-und-schnorcheln\/\">Die besten Str\u00e4nde auf Lanzarote zum Entspannen und Schnorcheln<\/a> &#8211; 16 Oktober 2023<\/li><li><a href=\"https:\/\/alohey.es\/de\/entdecken-sie-die-kultur-und-geschichte-von-lanzarote-orte-die-sie-besuchen-sollten\/\">Entdecken Sie die Kultur und Geschichte von Lanzarote: Orte, die Sie besuchen sollten<\/a> &#8211; 19 September 2023<\/li><li><a href=\"https:\/\/alohey.es\/de\/cueva-de-los-verdes\/\">Cueva de los Verdes<\/a> &#8211; 8 Mai 2023<\/li><li><a href=\"https:\/\/alohey.es\/de\/timanfaya-montanas-del-fuego\/\"><strong>Timanfaya &#8211; Monta\u00f1as del fuego<\/strong><\/a> &#8211; 23 Januar 2023<\/li><\/ul><\/div><div class=\"sp-wrap-cat\"><h3 class=\"sp-cat-name\"><a href=\"https:\/\/alohey.es\/de\/reisetipps-und-planung\/\">Reisetipps und Planung<\/a><\/h3><ul class=\"sp-list-posts\"><li><a href=\"https:\/\/alohey.es\/de\/reisefuehrer-fuer-lanzarote-in-allen-jahreszeiten\/\">Reisef\u00fchrer f\u00fcr Lanzarote in allen Jahreszeiten<\/a> &#8211; 15 Juli 2024<\/li><li><a href=\"https:\/\/alohey.es\/de\/planen-sie-unvergessliche-flitterwochen-auf-lanzarote\/\">Planen Sie unverge\u00dfliche Flitterwochen auf Lanzarote<\/a> &#8211; 4 M\u00e4rz 2024<\/li><li><a href=\"https:\/\/alohey.es\/de\/tipps-fuer-die-buchung-eines-luxurioesen-ferienhauses-auf-lanzarote\/\">Tipps f\u00fcr die Buchung eines luxuri\u00f6sen Ferienhauses auf Lanzarote<\/a> &#8211; 7 Oktober 2023<\/li><li><a href=\"https:\/\/alohey.es\/de\/die-guenstigsten-supermaerkte-um-sich-waehrend-ihres-aufenthalts-auf-lanzarote-mit-vorraeten-einzudecken\/\">Die g\u00fcnstigsten Superm\u00e4rkte, um sich w\u00e4hrend Ihres Aufenthalts auf Lanzarote mit Vorr\u00e4ten einzudecken<\/a> &#8211; 11 September 2023<\/li><li><a href=\"https:\/\/alohey.es\/de\/autovermietung-auf-lanzarote\/\">Autovermietung auf Lanzarote<\/a> &#8211; 19 August 2023<\/li><li><a href=\"https:\/\/alohey.es\/de\/tipps-fuer-die-suche-nach-dem-idealen-ferienhaus-auf-lanzarote\/\">Tipps f\u00fcr die Suche nach dem idealen Ferienhaus auf Lanzarote<\/a> &#8211; 17 Juli 2023<\/li><li><a href=\"https:\/\/alohey.es\/de\/encantos-de-lanzarote-una-guia-turistica-para-los-amantes-del-sol-y-la-playa\/\">Encantos de Lanzarote: Una gu\u00eda tur\u00edstica para los amantes del sol y la playa<\/a> &#8211; 3 Juli 2023<\/li><li><a href=\"https:\/\/alohey.es\/de\/apartamentos-vacacionales-en-lanzarote\/\">Alquiler de Apartamentos Vacacionales en Lanzarote \u2013 Alohey<\/a> &#8211; 15 Mai 2023<\/li><li><a href=\"https:\/\/alohey.es\/de\/consejos-para-viajar-con-ninos\/\">Consejos para viajar con ni\u00f1os<\/a> &#8211; 18 M\u00e4rz 2023<\/li><li><a href=\"https:\/\/alohey.es\/de\/alquiler-de-villas-vacacionales-en-lanzarote\/\">Alquiler de Villas Vacacionales en Lanzarote \u2013 Alohey<\/a> &#8211; 11 Februar 2023<\/li><\/ul><\/div><div class=\"sp-wrap-cat\"><h3 class=\"sp-cat-name\"><a href=\"https:\/\/alohey.es\/de\/unkategorisiert\/tipps-zur-instandhaltung-und-verwaltung-von-immobilien\/\">Tipps zur Instandhaltung und Verwaltung von Immobilien<\/a><\/h3><ul class=\"sp-list-posts\"><li><a href=\"https:\/\/alohey.es\/de\/die-bedeutung-von-fotos-in-anzeigen-fuer-ferienunterkuenfte\/\">Die Bedeutung von Fotos in Anzeigen f\u00fcr Ferienunterk\u00fcnfte<\/a> &#8211; 17 Juni 2024<\/li><li><a href=\"https:\/\/alohey.es\/de\/so-heben-sie-ihr-ferienhaus-von-der-konkurrenz-ab\/\">So heben Sie Ihr Ferienhaus von der Konkurrenz ab<\/a> &#8211; 3 Juni 2024<\/li><li><a href=\"https:\/\/alohey.es\/de\/so-berechnen-sie-den-preis-von-ferienunterkuenften\/\">So berechnen Sie den Preis von Ferienunterk\u00fcnften<\/a> &#8211; 15 Mai 2024<\/li><li><a href=\"https:\/\/alohey.es\/de\/5-wichtige-tipps-um-ihr-ferienhaus-fuer-die-hochsaison-auf-lanzarote-vorzubereiten\/\">5 wichtige Tipps, um Ihr Ferienhaus f\u00fcr die Hochsaison auf Lanzarote vorzubereiten<\/a> &#8211; 7 Mai 2024<\/li><li><a href=\"https:\/\/alohey.es\/de\/entdecken-sie-die-geheimnisse-der-verwaltung-von-ferienimmobilien-auf-lanzarote\/\">Entdecken Sie die Geheimnisse der Verwaltung von Ferienimmobilien auf Lanzarote<\/a> &#8211; 8 April 2024<\/li><li><a href=\"https:\/\/alohey.es\/de\/tipps-fuer-die-instandhaltung-und-verwaltung-von-ferienhaeusern\/\">Tipps f\u00fcr die Instandhaltung und Verwaltung von Ferienh\u00e4usern<\/a> &#8211; 15 Januar 2024<\/li><li><a href=\"https:\/\/alohey.es\/de\/unfehlbare-strategien-zur-sicherstellung-der-gaestezufriedenheit-bei-alohey-co-uk\/\">Unfehlbare Strategien zur Sicherstellung der G\u00e4stezufriedenheit bei Alohey.co.uk<\/a> &#8211; 11 Dezember 2023<\/li><li><a href=\"https:\/\/alohey.es\/de\/unfehlbare-strategien-zur-sicherstellung-der-gaestezufriedenheit-bei-alohey-co-uk-2\/\">Unfehlbare Strategien zur Sicherstellung der G\u00e4stezufriedenheit bei Alohey.co.uk<\/a> &#8211; 11 Dezember 2023<\/li><\/ul><\/div><div class=\"sp-wrap-cat\"><h3 class=\"sp-cat-name\"><a href=\"https:\/\/alohey.es\/de\/tourismus-und-aktivitaten-auf-lanzarote\/\">Tourismus und Aktivit\u00e4ten auf Lanzarote<\/a><\/h3><ul class=\"sp-list-posts\"><li><a href=\"https:\/\/alohey.es\/de\/entdecken-sie-das-kunsthandwerk-und-die-souvenirs-von-lanzarote\/\">Entdecken Sie das Kunsthandwerk und die Souvenirs von Lanzarote<\/a> &#8211; 16 September 2024<\/li><li><a href=\"https:\/\/alohey.es\/de\/reisefuehrer-fuer-lanzarote-in-allen-jahreszeiten\/\">Reisef\u00fchrer f\u00fcr Lanzarote in allen Jahreszeiten<\/a> &#8211; 15 Juli 2024<\/li><li><a href=\"https:\/\/alohey.es\/de\/die-besten-wanderrouten-auf-lanzarote-eine-unvergessliche-reise-durch-die-natur\/\">Die besten Wanderrouten auf Lanzarote: Eine unvergessliche Reise durch die Natur<\/a> &#8211; 2 Juli 2024<\/li><li><a href=\"https:\/\/alohey.es\/de\/beliebte-feste-und-kulturelle-veranstaltungen-auf-lanzarote-ihr-leitfaden-um-sie-in-vollen-zuegen-zu-geniessen\/\">Beliebte Feste und kulturelle Veranstaltungen auf Lanzarote: Ihr Leitfaden, um sie in vollen Z\u00fcgen zu genie\u00dfen<\/a> &#8211; 18 M\u00e4rz 2024<\/li><li><a href=\"https:\/\/alohey.es\/de\/planen-sie-unvergessliche-flitterwochen-auf-lanzarote\/\">Planen Sie unverge\u00dfliche Flitterwochen auf Lanzarote<\/a> &#8211; 4 M\u00e4rz 2024<\/li><li><a href=\"https:\/\/alohey.es\/de\/entdecken-sie-den-charme-der-schoensten-doerfer-von-lanzarote\/\">Entdecken Sie den Charme der sch\u00f6nsten D\u00f6rfer von Lanzarote<\/a> &#8211; 12 Februar 2024<\/li><li><a href=\"https:\/\/alohey.es\/de\/el-arte-de-cesar-manrique-en-lanzarote\/\">Die Kunst von C\u00e9sar Manrique auf Lanzarote<\/a> &#8211; 5 Februar 2024<\/li><li><a href=\"https:\/\/alohey.es\/de\/die-faszinierende-geschichte-der-guanchen-ureinwohner-auf-lanzarote\/\">Die faszinierende Geschichte der Guanchen-Ureinwohner auf Lanzarote<\/a> &#8211; 13 November 2023<\/li><li><a href=\"https:\/\/alohey.es\/de\/die-besten-straende-auf-lanzarote-zum-entspannen-und-schnorcheln\/\">Die besten Str\u00e4nde auf Lanzarote zum Entspannen und Schnorcheln<\/a> &#8211; 16 Oktober 2023<\/li><li><a href=\"https:\/\/alohey.es\/de\/entdecken-sie-die-kultur-und-geschichte-von-lanzarote-orte-die-sie-besuchen-sollten\/\">Entdecken Sie die Kultur und Geschichte von Lanzarote: Orte, die Sie besuchen sollten<\/a> &#8211; 19 September 2023<\/li><li><a href=\"https:\/\/alohey.es\/de\/entdecken-sie-den-nervenkitzel-im-vulkanischen-paradies\/\">Entdecken Sie den Nervenkitzel im vulkanischen Paradies<\/a> &#8211; 11 August 2023<\/li><li><a href=\"https:\/\/alohey.es\/de\/encantos-de-lanzarote-una-guia-turistica-para-los-amantes-del-sol-y-la-playa\/\">Encantos de Lanzarote: Una gu\u00eda tur\u00edstica para los amantes del sol y la playa<\/a> &#8211; 3 Juli 2023<\/li><li><a href=\"https:\/\/alohey.es\/de\/delfines-y-ballenas-en-lanzarote\/\">Delfines y ballenas en Lanzarote<\/a> &#8211; 21 Juni 2023<\/li><li><a href=\"https:\/\/alohey.es\/de\/bucear-en-lanzarote\/\">Bucear en Lanzarote<\/a> &#8211; 13 Juni 2023<\/li><li><a href=\"https:\/\/alohey.es\/de\/cueva-de-los-verdes\/\">Cueva de los Verdes<\/a> &#8211; 8 Mai 2023<\/li><li><a href=\"https:\/\/alohey.es\/de\/restaurantes-y-bodegas-de-vino-en-lanzarote\/\">Restaurantes y bodegas de vino en Lanzarote<\/a> &#8211; 11 April 2023<\/li><li><a href=\"https:\/\/alohey.es\/de\/lanzarote-disfruta-de-unas-vacaciones-inolvidables\/\">Lanzarote, Disfruta de unas vacaciones inolvidables<\/a> &#8211; 6 M\u00e4rz 2023<\/li><li><a href=\"https:\/\/alohey.es\/de\/la-geria-lanzarote\/\">La Geria Lanzarote<\/a> &#8211; 14 Februar 2023<\/li><li><a href=\"https:\/\/alohey.es\/de\/timanfaya-montanas-del-fuego\/\"><strong>Timanfaya &#8211; Monta\u00f1as del fuego<\/strong><\/a> &#8211; 23 Januar 2023<\/li><\/ul><\/div><div class=\"sp-wrap-cat\"><h3 class=\"sp-cat-name\"><a href=\"https:\/\/alohey.es\/de\/unkategorisiert\/\">Unkategorisiert<\/a><\/h3><ul class=\"sp-list-posts\"><li><a href=\"https:\/\/alohey.es\/de\/wie-sie-den-gewinn-aus-ihrem-ferienhaus-auf-lanzarote-maximieren-ein-rechtlicher-leitfaden\/\">Wie Sie den Gewinn aus Ihrem Ferienhaus auf Lanzarote maximieren: Ein rechtlicher Leitfaden<\/a> &#8211; 18 November 2024<\/li><li><a href=\"https:\/\/alohey.es\/de\/maximieren-sie-ihren-gewinn-verwalten-sie-ihre-ferienvermietung-oder-beauftragen-sie-eine-agentur-auf-lanzarote\/\">Maximieren Sie Ihren Gewinn: Verwalten Sie Ihre Ferienvermietung oder beauftragen Sie eine Agentur auf Lanzarote?<\/a> &#8211; 11 November 2024<\/li><li><a href=\"https:\/\/alohey.es\/de\/wie-sie-den-gewinn-aus-ihrem-ferienhaus-auf-lanzarote-maximieren-koennen\/\">Wie Sie den Gewinn aus Ihrem Ferienhaus auf Lanzarote maximieren k\u00f6nnen<\/a> &#8211; 21 Oktober 2024<\/li><li><a href=\"https:\/\/alohey.es\/de\/wie-sie-den-gewinn-aus-ihrem-ferienhaus-auf-lanzarote-maximieren-vollstaendiger-leitfaden\/\">Wie Sie den Gewinn aus Ihrem Ferienhaus auf Lanzarote maximieren &#8211; Vollst\u00e4ndiger Leitfaden<\/a> &#8211; 14 Oktober 2024<\/li><li><a href=\"https:\/\/alohey.es\/de\/versicherung-und-sicherheit-fuer-besitzer-eines-ferienhauses-ein-umfassender-leitfaden\/\">Versicherung und Sicherheit f\u00fcr Besitzer eines Ferienhauses: Ein umfassender Leitfaden<\/a> &#8211; 10 September 2024<\/li><li><a href=\"https:\/\/alohey.es\/de\/sicherheitsleitfaden-fuer-alleinreisende-auf-lanzarote-praktische-tipps\/\">Sicherheitsleitfaden f\u00fcr Alleinreisende auf Lanzarote: Praktische Tipps<\/a> &#8211; 12 August 2024<\/li><li><a href=\"https:\/\/alohey.es\/de\/wie-sie-das-perfekte-ferienhaus-auf-lanzarote-finden-ein-vollstaendiger-leitfaden\/\">Wie Sie das perfekte Ferienhaus auf Lanzarote finden: Ein vollst\u00e4ndiger Leitfaden<\/a> &#8211; 5 August 2024<\/li><li><a href=\"https:\/\/alohey.es\/de\/die-bedeutung-von-fotos-in-anzeigen-fuer-ferienunterkuenfte\/\">Die Bedeutung von Fotos in Anzeigen f\u00fcr Ferienunterk\u00fcnfte<\/a> &#8211; 17 Juni 2024<\/li><li><a href=\"https:\/\/alohey.es\/de\/so-heben-sie-ihr-ferienhaus-von-der-konkurrenz-ab\/\">So heben Sie Ihr Ferienhaus von der Konkurrenz ab<\/a> &#8211; 3 Juni 2024<\/li><li><a href=\"https:\/\/alohey.es\/de\/so-berechnen-sie-den-preis-von-ferienunterkuenften\/\">So berechnen Sie den Preis von Ferienunterk\u00fcnften<\/a> &#8211; 15 Mai 2024<\/li><li><a href=\"https:\/\/alohey.es\/de\/5-wichtige-tipps-um-ihr-ferienhaus-fuer-die-hochsaison-auf-lanzarote-vorzubereiten\/\">5 wichtige Tipps, um Ihr Ferienhaus f\u00fcr die Hochsaison auf Lanzarote vorzubereiten<\/a> &#8211; 7 Mai 2024<\/li><li><a href=\"https:\/\/alohey.es\/de\/sommer-auf-lanzarote-veranstaltungen-und-feste-die-man-nicht-verpassen-sollte\/\">Sommer auf Lanzarote: Veranstaltungen und Feste, die man nicht verpassen sollte<\/a> &#8211; 15 April 2024<\/li><li><a href=\"https:\/\/alohey.es\/de\/entdecken-sie-die-geheimnisse-der-verwaltung-von-ferienimmobilien-auf-lanzarote\/\">Entdecken Sie die Geheimnisse der Verwaltung von Ferienimmobilien auf Lanzarote<\/a> &#8211; 8 April 2024<\/li><li><a href=\"https:\/\/alohey.es\/de\/tipps-fuer-die-instandhaltung-und-verwaltung-von-ferienhaeusern\/\">Tipps f\u00fcr die Instandhaltung und Verwaltung von Ferienh\u00e4usern<\/a> &#8211; 15 Januar 2024<\/li><li><a href=\"https:\/\/alohey.es\/de\/unfehlbare-strategien-zur-sicherstellung-der-gaestezufriedenheit-bei-alohey-co-uk\/\">Unfehlbare Strategien zur Sicherstellung der G\u00e4stezufriedenheit bei Alohey.co.uk<\/a> &#8211; 11 Dezember 2023<\/li><li><a href=\"https:\/\/alohey.es\/de\/unfehlbare-strategien-zur-sicherstellung-der-gaestezufriedenheit-bei-alohey-co-uk-2\/\">Unfehlbare Strategien zur Sicherstellung der G\u00e4stezufriedenheit bei Alohey.co.uk<\/a> &#8211; 11 Dezember 2023<\/li><li><a href=\"https:\/\/alohey.es\/de\/neues-gesetz-ueber-touristenunterkuenfte-auf-den-kanarischen-inseln-nachhaltiges-management-der-touristischen-nutzung-von-unterkuenften\/\">Neues Gesetz \u00fcber Touristenunterk\u00fcnfte auf den Kanarischen Inseln: Nachhaltiges Management der touristischen Nutzung von Unterk\u00fcnften<\/a> &#8211; 4 Dezember 2023<\/li><li><a href=\"https:\/\/alohey.es\/de\/tagesausfluege-auf-lanzarote-fuer-verschiedene-reisetypen\/\">Tagesausfl\u00fcge auf Lanzarote f\u00fcr verschiedene Reisetypen<\/a> &#8211; 6 November 2023<\/li><li><a href=\"https:\/\/alohey.es\/de\/dificultades-del-alquiler-vacacional\/\">Dificultades del alquiler vacacional<\/a> &#8211; 11 Januar 2023<\/li><\/ul><\/div><\/div><\/div><div class=\"sp-wrap-cpt\"><h2 class=\"sp-cpt-name\">Eintr\u00e4ge<\/h2><div class=\"sp-archive-link\"><a href=\"https:\/\/alohey.es\/de\/alojamiento\/\">Zeige alle eintr\u00e4ge<\/a><\/div><ul class=\"sp-list-posts\"><li><a href=\"https:\/\/alohey.es\/de\/alojamiento\/villa-kalandraka\/\">Villa Kalandraka<\/a> &#8211; 16 Dezember 2025<\/li><li><a href=\"https:\/\/alohey.es\/de\/alojamiento\/casa-serena-los-altos\/\">Casa Serena Los Altos<\/a> &#8211; 6 August 2025<\/li><li><a href=\"https:\/\/alohey.es\/de\/alojamiento\/casa-pedro\/\">Haus Pedro<\/a> &#8211; 28 Mai 2025<\/li><li><a href=\"https:\/\/alohey.es\/de\/alojamiento\/casa-del-mar-ilic\/\">Casa del Mar Ilic<\/a> &#8211; 8 Januar 2025<\/li><li><a href=\"https:\/\/alohey.es\/de\/alojamiento\/casa-ostoja\/\">Casa Ostoja<\/a> &#8211; 8 Januar 2025<\/li><li><a href=\"https:\/\/alohey.es\/de\/alojamiento\/villa-aleksandra\/\">Villa Aleksandra<\/a> &#8211; 8 Januar 2025<\/li><li><a href=\"https:\/\/alohey.es\/de\/alojamiento\/villa-vino\/\">Villa Vino<\/a> &#8211; 26 November 2024<\/li><li><a href=\"https:\/\/alohey.es\/de\/alojamiento\/haus-leize\/\">Haus Leize<\/a> &#8211; 1 Oktober 2024<\/li><li><a href=\"https:\/\/alohey.es\/de\/alojamiento\/serena-villen-38\/\">Serena Villen 38<\/a> &#8211; 10 September 2024<\/li><li><a href=\"https:\/\/alohey.es\/de\/alojamiento\/duplex-ilic-meerblick\/\">Duplex Ilic Meerblick<\/a> &#8211; 6 August 2024<\/li><li><a href=\"https:\/\/alohey.es\/de\/alojamiento\/ruhiges-und-privates-haus-petra-meerblick-schwimmbad-und-grill\/\">Ruhiges und privates Haus Petra, Meerblick, Schwimmbad und Grill.<\/a> &#8211; 6 August 2024<\/li><li><a href=\"https:\/\/alohey.es\/de\/alojamiento\/casa-maria\/\">Casa Maria Duplex mit Meer- und Bergblick<\/a> &#8211; 11 Juli 2024<\/li><li><a href=\"https:\/\/alohey.es\/de\/alojamiento\/bungalow-maria-de-timanfaya\/\">Bungalow Maria de Timanfaya<\/a> &#8211; 17 Juni 2024<\/li><li><a href=\"https:\/\/alohey.es\/de\/alojamiento\/villa-maria-del-mar\/\">Villa Maria del Mar<\/a> &#8211; 17 Juni 2024<\/li><li><a href=\"https:\/\/alohey.es\/de\/alojamiento\/villa-mauruuru\/\">Villa Mauruuru<\/a> &#8211; 13 Mai 2024<\/li><li><a href=\"https:\/\/alohey.es\/de\/alojamiento\/botanisches-dorf\/\">Botanisches Dorf<\/a> &#8211; 12 M\u00e4rz 2024<\/li><li><a href=\"https:\/\/alohey.es\/de\/alojamiento\/villa-solsidan\/\">Villa Solsidan<\/a> &#8211; 25 Januar 2024<\/li><li><a href=\"https:\/\/alohey.es\/de\/alojamiento\/haus-marlay\/\">Haus Marlay<\/a> &#8211; 17 Januar 2024<\/li><li><a href=\"https:\/\/alohey.es\/de\/alojamiento\/villa-princesa\/\">Villa Princesa<\/a> &#8211; 15 November 2023<\/li><li><a href=\"https:\/\/alohey.es\/de\/alojamiento\/villa-arabella\/\">Villa Arabella<\/a> &#8211; 15 November 2023<\/li><li><a href=\"https:\/\/alohey.es\/de\/alojamiento\/villa-reina\/\">Villa Reina<\/a> &#8211; 15 November 2023<\/li><li><a href=\"https:\/\/alohey.es\/de\/alojamiento\/villa-rey\/\">Villa Rey<\/a> &#8211; 15 November 2023<\/li><li><a href=\"https:\/\/alohey.es\/de\/alojamiento\/lolalo-haus\/\">Lolalo-Haus<\/a> &#8211; 15 Juni 2023<\/li><li><a href=\"https:\/\/alohey.es\/de\/alojamiento\/villa-cavendish\/\">Villa Cavendish<\/a> &#8211; 11 Februar 2023<\/li><li><a href=\"https:\/\/alohey.es\/de\/alojamiento\/villa-papagayo\/\">Villa Papagayo<\/a> &#8211; 12 September 2022<\/li><li><a href=\"https:\/\/alohey.es\/de\/alojamiento\/villa-orcades\/\">Villa Orcades<\/a> &#8211; 12 September 2022<\/li><li><a href=\"https:\/\/alohey.es\/de\/alojamiento\/villa-magica\/\">Villa M\u00e1gica<\/a> &#8211; 11 September 2022<\/li><li><a href=\"https:\/\/alohey.es\/de\/alojamiento\/haus-paz\/\">Haus Paz<\/a> &#8211; 10 September 2022<\/li><li><a href=\"https:\/\/alohey.es\/de\/alojamiento\/haus-maresia\/\">Haus Mares\u00eda<\/a> &#8211; 9 September 2022<\/li><li><a href=\"https:\/\/alohey.es\/de\/alojamiento\/laura-haus\/\">Laura Haus<\/a> &#8211; 8 September 2022<\/li><\/ul><\/div><div class=\"sp-wrap-cpt\"><\/div><\/div><\/div>","protected":false},"excerpt":{"rendered":"","protected":false},"author":1,"featured_media":0,"parent":0,"menu_order":0,"comment_status":"closed","ping_status":"closed","template":"","meta":{"_seopress_robots_primary_cat":"","_seopress_titles_title":"%%post_title%%% %%sep%%% %%sitetitle%%% %%post_title%%% %%sep%% %%sitetitle%%%","_seopress_titles_desc":"","_seopress_robots_index":"ja","footnotes":""},"class_list":["post-43290","page","type-page","status-publish","hentry"],"_links":{"self":[{"href":"https:\/\/alohey.es\/de\/wp-json\/wp\/v2\/pages\/43290","targetHints":{"allow":["GET"]}}],"collection":[{"href":"https:\/\/alohey.es\/de\/wp-json\/wp\/v2\/pages"}],"about":[{"href":"https:\/\/alohey.es\/de\/wp-json\/wp\/v2\/types\/page"}],"author":[{"embeddable":true,"href":"https:\/\/alohey.es\/de\/wp-json\/wp\/v2\/users\/1"}],"replies":[{"embeddable":true,"href":"https:\/\/alohey.es\/de\/wp-json\/wp\/v2\/comments?post=43290"}],"version-history":[{"count":0,"href":"https:\/\/alohey.es\/de\/wp-json\/wp\/v2\/pages\/43290\/revisions"}],"wp:attachment":[{"href":"https:\/\/alohey.es\/de\/wp-json\/wp\/v2\/media?parent=43290"}],"curies":[{"name":"wp","href":"https:\/\/api.w.org\/{rel}","templated":true}]}}