{"id":40286,"date":"2020-07-21T11:53:21","date_gmt":"2020-07-21T11:53:21","guid":{"rendered":"https:\/\/alohey.es\/datenschutzbestimmungen\/"},"modified":"2024-02-06T12:07:44","modified_gmt":"2024-02-06T12:07:44","slug":"datenschutzbestimmungen","status":"publish","type":"page","link":"https:\/\/alohey.es\/de\/datenschutzbestimmungen\/","title":{"rendered":"Datenschutzbestimmungen"},"content":{"rendered":"\n<p>Luisa Victoria Kr\u00e4mer informiert Sie \u00fcber ihre Datenschutzpolitik in Bezug auf die Verarbeitung und den Schutz personenbezogener Daten von Nutzern und Kunden, die beim Surfen, beim Kauf eines Produkts oder bei der Inanspruchnahme einer Dienstleistung \u00fcber die Website <a href=\"https:\/\/artenpie.com\/politica-de-privacidad\/\">https:\/\/alohey.es<\/a> erhoben werden k\u00f6nnen <a href=\"https:\/\/artenpie.com\/politica-de-privacidad\/\">.<\/a><\/p>\n\n<p>In diesem Sinne garantiert Luisa Victoria Kr\u00e4mer die Einhaltung der geltenden Rechtsvorschriften zum Schutz personenbezogener Daten, wie sie im Organgesetz 3\/2018 vom 5. Dezember \u00fcber den Schutz personenbezogener Daten und die Gew\u00e4hrleistung digitaler Rechte (LOPD GDD) enthalten sind. Sie entspricht auch der Verordnung (EU) 2016\/679 des Europ\u00e4ischen Parlaments und des Rates vom 27. April 2016 zum Schutz nat\u00fcrlicher Personen (GDPR).<\/p>\n\n<p>Die Nutzung der Website setzt die Zustimmung zu dieser Datenschutzrichtlinie sowie zu den im <a href=\"https:\/\/artenpie.com\/aviso-legal\/\">rechtlichen Hinweis<\/a> enthaltenen Bedingungen voraus.<\/p>\n\n<p><strong>Identit\u00e4t der verantwortlichen Person<\/strong><\/p>\n\n<ul class=\"wp-block-list\"><li><strong>Mitglied:<\/strong> Luisa Victoria Kr\u00e4mer.<\/li><li><strong>MEHRWERTSTEUER-NR.:<\/strong> Y5222749S<\/li><li><strong>Adresse:<\/strong> Calle Azalea 1 Casa 10. Playa Blanca (35580)-Las Palmas.<\/li><li><strong>E-Mail:<\/strong> info@alohey.es<\/li><li><strong>Website:<\/strong> <a href=\"https:\/\/alohey.es\/de\/datenschutzbestimmungen\/\">https:\/\/alohey.es<\/a><\/li><\/ul>\n\n<p><strong>Grunds\u00e4tze der Datenverarbeitung<\/strong><\/p>\n\n<p>Bei der Verarbeitung Ihrer personenbezogenen Daten wendet der f\u00fcr die Verarbeitung Verantwortliche die folgenden Grunds\u00e4tze an, die den Anforderungen der neuen europ\u00e4ischen Datenschutzverordnung (GDPR) entsprechen:<\/p>\n\n<ul class=\"wp-block-list\"><li><strong>Grundsatz der Rechtm\u00e4\u00dfigkeit, Fairness und Transparenz:<\/strong> Der f\u00fcr die Verarbeitung Verantwortliche verlangt stets die Zustimmung zur Verarbeitung personenbezogener Daten, die einem oder mehreren bestimmten Zwecken dienen kann, \u00fcber die der f\u00fcr die Verarbeitung Verantwortliche den Nutzer zuvor in absoluter Transparenz informiert.<\/li><li><strong>Grundsatz der Datenminimierung:<\/strong> Der f\u00fcr die Verarbeitung Verantwortliche fordert nur die Daten an, die f\u00fcr den\/die Zweck(e), f\u00fcr den\/die die Daten angefordert werden, unbedingt erforderlich sind.<\/li><li><strong>Grundsatz der Begrenzung der Speicherdauer:<\/strong> Der f\u00fcr die Verarbeitung Verantwortliche bewahrt die erhobenen personenbezogenen Daten nur so lange auf, wie es f\u00fcr den Zweck bzw. die Zwecke der Verarbeitung unbedingt erforderlich ist. Der f\u00fcr die Datenverarbeitung Verantwortliche wird den Nutzer \u00fcber die entsprechende Aufbewahrungsfrist <a href=\"https:\/\/alohey.es\/de\/datenschutzbestimmungen\/#finalidad-del-tratamiento-de-datos-personales\">je nach Zweck<\/a> informieren.<br\/>Im Falle von Abonnements \u00fcberpr\u00fcft der Registrant regelm\u00e4\u00dfig die Listen und entfernt die Registrierungen, die \u00fcber einen l\u00e4ngeren Zeitraum inaktiv waren.<\/li><li><strong>Grundsatz der Integrit\u00e4t und Vertraulichkeit:<\/strong> Die erhobenen personenbezogenen Daten werden so behandelt, dass ihre Sicherheit, Vertraulichkeit und Integrit\u00e4t gew\u00e4hrleistet ist.<br\/>Der f\u00fcr die Verarbeitung Verantwortliche trifft die erforderlichen Vorkehrungen, um den unbefugten Zugriff oder den Missbrauch der Daten seiner Nutzer durch Dritte zu verhindern.<\/li><\/ul>\n\n<p><strong>Erhebung von personenbezogenen Daten<\/strong><\/p>\n\n<p>Um <a href=\"https:\/\/alohey.es\/de\/datenschutzbestimmungen\/\">https:\/\/alohey.es<\/a> zu besuchen, m\u00fcssen Sie keine pers\u00f6nlichen Daten angeben.<\/p>\n\n<p>Die F\u00e4lle, in denen Sie Ihre personenbezogenen Daten zur Verf\u00fcgung stellen, sind die folgenden:<\/p>\n\n<ul class=\"wp-block-list\"><li>Wenn Sie ein Produkt kaufen oder eine Dienstleistung in Anspruch nehmen.<\/li><li>Durch die Eintragung in ein Anmeldeformular oder einen Newsletter, den der Eigent\u00fcmer mit <a href=\"https:\/\/alohey.es\/de\/datenschutzbestimmungen\/#destinatarios\">MailChimp<\/a> verwaltet.<\/li><\/ul>\n\n<p><strong>Rechte<\/strong><\/p>\n\n<p>Der f\u00fcr die Verarbeitung Verantwortliche teilt Ihnen mit, dass Sie das Recht haben, auf Ihre personenbezogenen Daten zuzugreifen:<\/p>\n\n<ul class=\"wp-block-list\"><li>Zugriff auf gespeicherte Daten beantragen.<\/li><li>eine Berichtigung oder L\u00f6schung beantragen.<\/li><li>die Einschr\u00e4nkung ihrer Verarbeitung beantragen.<\/li><li>Behandlung ablehnen.<\/li><\/ul>\n\n<p>Sie k\u00f6nnen Ihr Recht auf Daten\u00fcbertragbarkeit nicht aus\u00fcben.<\/p>\n\n<p>Das bedeutet, dass jeder Kunde, Abonnent oder Mitarbeiter, der seine Daten zur Verf\u00fcgung gestellt hat, sich jederzeit an Luisa Victoria Kr\u00e4mer wenden und Auskunft \u00fcber die gespeicherten Daten und die Art und Weise ihrer Erhebung verlangen, ihre Berichtigung verlangen, sich ihrer Verarbeitung widersetzen, ihre Verwendung einschr\u00e4nken oder die L\u00f6schung dieser Daten in den Dateien des f\u00fcr die Verarbeitung Verantwortlichen beantragen kann.<\/p>\n\n<p>Um Ihr Recht auf Auskunft, Berichtigung, L\u00f6schung und Widerspruch auszu\u00fcben, m\u00fcssen Sie eine E-Mail an info@alohey.es senden und einen g\u00fcltigen Rechtsnachweis wie eine Fotokopie Ihres Personalausweises oder einen gleichwertigen Nachweis beif\u00fcgen.<\/p>\n\n<p>Sie haben das Recht auf wirksamen Rechtsschutz und auf eine Beschwerde bei der Aufsichtsbeh\u00f6rde, in diesem Fall der spanischen Datenschutzbeh\u00f6rde, wenn Sie der Ansicht sind, dass die Verarbeitung der Sie betreffenden personenbezogenen Daten gegen die Verordnung verst\u00f6\u00dft.<\/p>\n\n<p><strong>Zweck der Verarbeitung von personenbezogenen Daten<\/strong><\/p>\n\n<p>Wenn Sie sich mit der Website verbinden, um eine E-Mail an den Inhaber zu senden, den Newsletter zu abonnieren, ein Produkt zu kaufen oder einen Vertrag abzuschlie\u00dfen, geben Sie pers\u00f6nliche Daten an, f\u00fcr die Luisa Victoria Kr\u00e4mer verantwortlich ist. Diese Informationen k\u00f6nnen personenbezogene Daten wie Ihre IP-Adresse, Ihren Vor- und Nachnamen, Ihre Anschrift, Ihre E-Mail-Adresse, Ihre Telefonnummer und andere Informationen enthalten. Indem Sie diese Informationen zur Verf\u00fcgung stellen, erkl\u00e4ren Sie sich damit einverstanden, dass Ihre Daten von &#8211; www.siteground.com &#8211; nur wie in den <a href=\"https:\/\/alohey.es\/de\/rechtlicher-hinweis\/\">rechtlichen Hinweisen<\/a> und dieser <a href=\"https:\/\/alohey.es\/de\/datenschutzbestimmungen\/\">Datenschutzrichtlinie<\/a> beschrieben erfasst, verwendet, verwaltet und gespeichert werden.<\/p>\n\n<p>Die personenbezogenen Daten und der Zweck der Verarbeitung durch die betroffene Person sind je nach Informationserfassungssystem unterschiedlich:<\/p>\n\n<ul class=\"wp-block-list\"><li><strong>Formulare f\u00fcr den Abschluss von Vertr\u00e4gen \u00fcber Produkte oder Dienstleistungen:<\/strong>  Der Eigent\u00fcmer fragt personenbezogene Daten ab, die Folgendes umfassen k\u00f6nnen: Vor- und Nachname, Identit\u00e4tsdokument (Steuernummer, Ausl\u00e4nderidentifikationsnummer, Reisepass oder Aufenthaltsgenehmigung), E-Mail-Adresse, Postanschrift, Telefonnummer und Zahlungsdaten (Zahlungsmittel oder Bankverbindung), um eine Gesch\u00e4ftsbeziehung mit dem Nutzer zu unterhalten, Bestellungen zu versenden, die vertraglich vereinbarten Dienstleistungen zu erbringen und die vertraglich vereinbarten Produkte oder Dienstleistungen in Rechnung zu stellen und zu bezahlen.<\/li><li><strong>Formulare f\u00fcr das Abonnement von Inhalten:<\/strong> Der Eigent\u00fcmer bittet um folgende personenbezogene Daten: Vor- und Nachname, E-Mail-Adresse, Telefonnummer und Website-Adresse, um die Abonnentenliste zu verwalten, Newsletter, Werbeaktionen und Sonderangebote zu versenden.<br\/>Die dem f\u00fcr die Verarbeitung Verantwortlichen zur Verf\u00fcgung gestellten personenbezogenen Daten werden auf den Servern von The Rocket Science Group LLC d\/b\/a mit Sitz in den USA gespeichert. (Mailchimp).<\/li><\/ul>\n\n<p>Es gibt weitere Zwecke, f\u00fcr die der f\u00fcr die Verarbeitung Verantwortliche personenbezogene Daten verarbeitet:<\/p>\n\n<ul class=\"wp-block-list\"><li>Sicherstellung der Einhaltung der im <a href=\"https:\/\/alohey.es\/de\/rechtlicher-hinweis\/\">rechtlichen Hinweis<\/a> und im geltenden Recht festgelegten Bedingungen. Dazu kann auch die Entwicklung von Werkzeugen und Algorithmen geh\u00f6ren, die dieser Website helfen, die Vertraulichkeit der gesammelten personenbezogenen Daten zu gew\u00e4hrleisten.<\/li><li>Zur Unterst\u00fctzung und Verbesserung der auf dieser Website angebotenen Dienste.<\/li><li>Analyse des Nutzerverhaltens. Der Eigent\u00fcmer sammelt andere nicht-identifizierende Daten, die durch die Verwendung von Cookies erhalten werden, die auf den Computer des Nutzers heruntergeladen werden, wenn er auf der Website surft, deren Merkmale und Zweck in der <a href=\"https:\/\/alohey.es\/de\/cookie-richtlinie\/\">Cookie-Politik<\/a> detailliert beschrieben sind.<\/li><li>Soziale Netzwerke zu verwalten. Luisa Victoria Kr\u00e4mer hat eine Pr\u00e4senz in den sozialen Medien. Wenn Sie Follower in den sozialen Netzwerken des Inhabers werden, unterliegt die Verarbeitung personenbezogener Daten diesem Abschnitt sowie den Nutzungsbedingungen, Datenschutzrichtlinien und Zugangsregelungen des jeweiligen sozialen Netzwerks, die Sie zuvor akzeptiert haben.<br\/>Sie k\u00f6nnen die Datenschutzrichtlinien der wichtigsten sozialen Netzwerke einsehen, indem Sie diesen Links folgen:<ul><li><a href=\"https:\/\/www.facebook.com\/help\/cookies\" target=\"_blank\" rel=\"noreferrer noopener\">Facebook<\/a><\/li><li><a href=\"https:\/\/twitter.com\/privacy\" target=\"_blank\" rel=\"noreferrer noopener\">Twitter<\/a><\/li><li><a href=\"https:\/\/www.linkedin.com\/legal\/cookie-policy\" target=\"_blank\" rel=\"noreferrer noopener\">Linkedin<\/a><\/li><li><a href=\"https:\/\/www.youtube.com\/privacy\" target=\"_blank\" rel=\"noreferrer noopener\">YouTube<\/a><\/li><li><a href=\"https:\/\/www.instagram.com\/legal\/privacy\/\" target=\"_blank\" rel=\"noreferrer noopener\">Instagram<\/a><\/li><\/ul><\/li><\/ul>\n\n<p>Der Inhaber wird Ihre personenbezogenen Daten verarbeiten, um seine Pr\u00e4senz in den sozialen Netzwerken ordnungsgem\u00e4\u00df zu verwalten, Sie \u00fcber seine Aktivit\u00e4ten, Produkte oder Dienstleistungen zu informieren sowie f\u00fcr jeden anderen Zweck, den die Vorschriften der sozialen Netzwerke zulassen.In keinem Fall wird der Inhaber die Profile von Followern in sozialen Netzwerken verwenden, um individuell Werbung zu versenden.<\/p>\n\n<p><strong>Sicherheit der personenbezogenen Daten<\/strong><\/p>\n\n<p>Zum Schutz Ihrer personenbezogenen Daten ergreift der f\u00fcr die Verarbeitung Verantwortliche alle angemessenen Vorsichtsma\u00dfnahmen und befolgt die besten Praktiken der Branche, um den Verlust, den Missbrauch, den unsachgem\u00e4\u00dfen Zugriff, die Offenlegung, die \u00c4nderung oder die Zerst\u00f6rung Ihrer personenbezogenen Daten zu verhindern.<\/p>\n\n<p>Die Website ist unter www.siteground.com zu finden. Die Sicherheit der Daten ist gew\u00e4hrleistet, da sie alle notwendigen Sicherheitsma\u00dfnahmen ergreifen. Weitere Informationen finden Sie in der Datenschutzrichtlinie des Unternehmens.<\/p>\n\n<p>Luisa Victoria Kr\u00e4mer informiert die Nutzer dar\u00fcber, dass ihre personenbezogenen Daten nicht an Dritte weitergegeben werden, es sei denn, die Weitergabe der Daten ist durch eine gesetzliche Verpflichtung gedeckt oder die Erbringung einer Dienstleistung erfordert eine vertragliche Beziehung mit einem Datenverarbeiter. Im letzteren Fall erfolgt die Weitergabe der Daten an den Dritten nur, wenn Luisa Victoria Kr\u00e4mer die ausdr\u00fcckliche Zustimmung des Nutzers vorliegt.<\/p>\n\n<p>In einigen F\u00e4llen kann es jedoch zu einer Zusammenarbeit mit anderen Fachleuten kommen; in solchen F\u00e4llen ist die Zustimmung des Nutzers erforderlich, der \u00fcber die Identit\u00e4t des Mitarbeiters und den Zweck der Zusammenarbeit informiert werden muss. Die Arbeiten werden stets nach den h\u00f6chsten Sicherheitsstandards durchgef\u00fchrt.<\/p>\n\n<p><strong>Inhalte von anderen Websites<\/strong><\/p>\n\n<p>Die Seiten dieser Website k\u00f6nnen eingebettete Inhalte (z. B. Videos, Bilder, Artikel usw.) enthalten. Eingebettete Inhalte von anderen Websites verhalten sich genau so, als ob Sie die andere Website besucht h\u00e4tten.<\/p>\n\n<p>Diese Websites k\u00f6nnen Daten \u00fcber Sie sammeln, Cookies verwenden, zus\u00e4tzlichen Tracking-Code von Dritten einbetten und Ihre Interaktion mit diesem Code \u00fcberwachen.<\/p>\n\n<p><strong>Cookie-Richtlinie<\/strong><\/p>\n\n<p>Damit diese Website ordnungsgem\u00e4\u00df funktioniert, muss sie Cookies verwenden, d. h. Informationen, die in Ihrem Webbrowser gespeichert werden.<\/p>\n\n<p>Auf der Seite <a href=\"https:\/\/alohey.es\/de\/cookie-richtlinie\/\">Cookie-Politik <\/a>k\u00f6nnen Sie alle Informationen \u00fcber die Sammlungspolitik, den Zweck und die Verarbeitung von Cookies einsehen.<\/p>\n\n<p><strong>Legitimation f\u00fcr die Datenverarbeitung<\/strong><\/p>\n\n<p>Die Rechtsgrundlage f\u00fcr die Verarbeitung Ihrer Daten ist: die Einwilligung.<\/p>\n\n<p>Um mit dem Eigent\u00fcmer in Kontakt zu treten, einen Newsletter zu abonnieren oder Kommentare auf dieser Website abzugeben, m\u00fcssen Sie diese Datenschutzrichtlinie akzeptieren.<\/p>\n\n<p><strong>Kategorien von personenbezogenen Daten<\/strong><\/p>\n\n<p>Der f\u00fcr die Verarbeitung Verantwortliche verarbeitet folgende Kategorien von personenbezogenen Daten:<\/p>\n\n<ul class=\"wp-block-list\"><li>Identifizierungsdaten.<\/li><li>Es werden keine besonders gesch\u00fctzten Kategorien von Daten verarbeitet.<\/li><\/ul>\n\n<p><strong>Aufbewahrung von personenbezogenen Daten<\/strong><\/p>\n\n<p>Die personenbezogenen Daten, die Sie dem f\u00fcr die Verarbeitung Verantwortlichen zur Verf\u00fcgung stellen, werden so lange gespeichert, bis Sie deren L\u00f6schung beantragen.<\/p>\n\n<p><strong>Empf\u00e4nger von personenbezogenen Daten<\/strong><\/p>\n\n<ul class=\"wp-block-list\"><li><strong>Mailchimp<\/strong> The Rocket Science Group LLC d\/b\/a , mit Sitz in den USA.<br\/>Weitere Informationen unter: <a href=\"https:\/\/mailchimp.com\/legal\/privacy\/\" target=\"_blank\" rel=\"noreferrer noopener\">https:\/\/mailchimp.com<\/a><br\/>The Rocket Science Group LLC d\/b\/a verarbeitet die Daten zum Zweck der Erbringung von E-Mail-Marketingdienstleistungen f\u00fcr die betroffene Person.<\/li><li><strong>Google Analytics<\/strong> ist ein Webanalysedienst von Google, Inc. mit Sitz in 1600 Amphitheatre Parkway, Mountain View (Kalifornien), CA 94043, USA (&#8220;Google&#8221;), einem Unternehmen aus Delaware.<br\/>Google Analytics verwendet sog. Cookies&#8221;, Textdateien, die auf Ihrem Computer gespeichert werden und die eine Analyse der Benutzung der Website durch Sie erm\u00f6glichen. Die durch den Cookie erzeugten Informationen \u00fcber Ihre Benutzung dieser Website (einschlie\u00dflich Ihrer IP-Adresse) werden an einen Server von Google in den Vereinigten Staaten \u00fcbertragen und dort gespeichert.<br\/>Weitere Informationen unter: <a href=\"https:\/\/policies.google.com\/privacy?hl=es-ES\" target=\"_blank\" rel=\"noreferrer noopener\">https:\/\/analytics.google.com<\/a><\/li><li><strong>Google AdSense<\/strong> ist eine Reihe von Werbedienstleistungen, die von Google, Inc. angeboten werden, einer Gesellschaft nach dem Recht des Bundesstaates Delaware mit Hauptsitz in 1600 Amphitheatre Parkway, Mountain View (Kalifornien), CA 94043, Vereinigte Staaten (&#8220;Google&#8221;).<br\/>AdSense verwendet Cookies, um die Werbung zu verbessern, die Werbung auf f\u00fcr die Nutzer relevante Inhalte auszurichten und die Berichterstattung \u00fcber die Kampagnenleistung zu verbessern.<br\/>Weitere Informationen unter: <a href=\"https:\/\/policies.google.com\/privacy?hl=es-ES\" target=\"_blank\" rel=\"noreferrer noopener\">https:\/\/www.google.com\/adsense<\/a><\/li><\/ul>\n\n<p><a href=\"https:\/\/policies.google.com\/privacy?hl=es\" target=\"_blank\" rel=\"noreferrer noopener\">Auf der<\/a> Seite mit <a href=\"https:\/\/policies.google.com\/privacy?hl=es\" target=\"_blank\" rel=\"noreferrer noopener\">den Datenschutzbestimmungen von Google<\/a> wird erl\u00e4utert, wie Google den Datenschutz in Bezug auf die Verwendung von Cookies und anderen Informationen handhabt.<\/p>\n\n<p>Sie k\u00f6nnen auch eine Liste der von Google und seinen Partnern verwendeten <a href=\"https:\/\/policies.google.com\/technologies\/types?hl=es\" target=\"_blank\" rel=\"noreferrer noopener\">Cookie-Typen<\/a> und Informationen \u00fcber die Verwendung von <a href=\"https:\/\/policies.google.com\/technologies\/ads?hl=es\" target=\"_blank\" rel=\"noreferrer noopener\">Werbe-Cookies<\/a> einsehen.<\/p>\n\n<p><strong>Surfen im Internet<\/strong><\/p>\n\n<p>Beim Surfen auf <a href=\"https:\/\/alohey.es\/de\/datenschutzbestimmungen\/\">https:\/\/alohey.es<\/a> k\u00f6nnen nicht-identifizierende Daten erfasst werden, wie z. B. IP-Adresse, Geolokalisierung, Aufzeichnung der Nutzung von Diensten und Websites, Surfgewohnheiten und andere Daten, die nicht zu Ihrer Identifizierung verwendet werden k\u00f6nnen.<\/p>\n\n<p>Die Website nutzt die folgenden Analysedienste Dritter:<\/p>\n\n<ul class=\"wp-block-list\"><li>Google Analytics.<\/li><li>Google AdSense.<\/li><\/ul>\n\n<p>Der Eigent\u00fcmer verwendet die erhaltenen Informationen, um statistische Daten zu erhalten, Trends zu analysieren, die Website zu verwalten, Browsing-Muster zu untersuchen und demographische Informationen zu sammeln.<\/p>\n\n<p>Der Eigent\u00fcmer ist nicht verantwortlich f\u00fcr die Verarbeitung personenbezogener Daten durch Websites, auf die Sie \u00fcber die verschiedenen auf der Website enthaltenen Links zugreifen k\u00f6nnen.<\/p>\n\n<p><strong>Richtigkeit und Wahrhaftigkeit der personenbezogenen Daten<\/strong><\/p>\n\n<p>Sie verpflichten sich, daf\u00fcr zu sorgen, dass die dem f\u00fcr die Verarbeitung Verantwortlichen zur Verf\u00fcgung gestellten Daten richtig, vollst\u00e4ndig, genau und auf dem neuesten Stand sind, und sie ordnungsgem\u00e4\u00df zu aktualisieren.<\/p>\n\n<p>Als Nutzer der Website sind Sie allein f\u00fcr die Wahrhaftigkeit und Richtigkeit der an die Website \u00fcbermittelten Daten verantwortlich und entbinden Luisa Victoria Kr\u00e4mer von jeglicher diesbez\u00fcglichen Verantwortung.<\/p>\n\n<p><strong>Akzeptanz und Zustimmung<\/strong><\/p>\n\n<p>Als Nutzer der Website erkl\u00e4ren Sie, dass Sie \u00fcber die Bedingungen f\u00fcr den Schutz personenbezogener Daten informiert wurden und dass Sie mit der Verarbeitung dieser Daten durch Luisa Victoria Kr\u00e4mer in der Art und Weise und zu den Zwecken einverstanden sind, die in dieser Datenschutzrichtlinie angegeben sind.<\/p>\n\n<p><strong>Widerrufbarkeit<\/strong><\/p>\n\n<p>Um Ihr Recht auf Auskunft, Berichtigung, L\u00f6schung und Widerspruch auszu\u00fcben, m\u00fcssen Sie eine E-Mail an info@alohey.es senden und einen g\u00fcltigen Rechtsnachweis wie eine Fotokopie Ihres Personalausweises oder einen gleichwertigen Nachweis beif\u00fcgen.<\/p>\n\n<p>Die Aus\u00fcbung dieser Rechte erstreckt sich nicht auf Daten, die Luisa Victoria Kr\u00e4mer aus verwaltungstechnischen, rechtlichen oder sicherheitsrelevanten Gr\u00fcnden aufbewahren muss.<\/p>\n\n<p><strong>\u00c4nderungen der Datenschutzrichtlinie<\/strong><\/p>\n\n<p>Der Eigent\u00fcmer beh\u00e4lt sich das Recht vor, diese Datenschutzerkl\u00e4rung zu \u00e4ndern, um sie an neue Gesetzgebung oder Rechtsprechung sowie an Branchenpraktiken anzupassen.<\/p>\n\n<p>Diese Richtlinien bleiben in Kraft, bis sie durch andere, ordnungsgem\u00e4\u00df ver\u00f6ffentlichte Richtlinien ge\u00e4ndert werden.<\/p>\n","protected":false},"excerpt":{"rendered":"<p>Luisa Victoria Kr\u00e4mer informiert Sie \u00fcber ihre Datenschutzpolitik in Bezug auf die Verarbeitung und den Schutz personenbezogener Daten von Nutzern und Kunden, die beim Surfen, beim Kauf eines Produkts oder bei der Inanspruchnahme einer Dienstleistung \u00fcber die Website https:\/\/alohey.es erhoben werden k\u00f6nnen . In diesem Sinne garantiert Luisa Victoria Kr\u00e4mer die Einhaltung der geltenden Rechtsvorschriften &#8230;<\/p>\n","protected":false},"author":1,"featured_media":0,"parent":0,"menu_order":0,"comment_status":"closed","ping_status":"closed","template":"terms_conditions.php","meta":{"_seopress_robots_primary_cat":"","_seopress_titles_title":"","_seopress_titles_desc":"","_seopress_robots_index":"yes","footnotes":""},"class_list":["post-40286","page","type-page","status-publish","hentry"],"_links":{"self":[{"href":"https:\/\/alohey.es\/de\/wp-json\/wp\/v2\/pages\/40286","targetHints":{"allow":["GET"]}}],"collection":[{"href":"https:\/\/alohey.es\/de\/wp-json\/wp\/v2\/pages"}],"about":[{"href":"https:\/\/alohey.es\/de\/wp-json\/wp\/v2\/types\/page"}],"author":[{"embeddable":true,"href":"https:\/\/alohey.es\/de\/wp-json\/wp\/v2\/users\/1"}],"replies":[{"embeddable":true,"href":"https:\/\/alohey.es\/de\/wp-json\/wp\/v2\/comments?post=40286"}],"version-history":[{"count":0,"href":"https:\/\/alohey.es\/de\/wp-json\/wp\/v2\/pages\/40286\/revisions"}],"wp:attachment":[{"href":"https:\/\/alohey.es\/de\/wp-json\/wp\/v2\/media?parent=40286"}],"curies":[{"name":"wp","href":"https:\/\/api.w.org\/{rel}","templated":true}]}}