{"id":40234,"date":"2022-08-31T16:43:34","date_gmt":"2022-08-31T16:43:34","guid":{"rendered":"https:\/\/alohey.es\/rechtlicher-hinweis\/"},"modified":"2025-04-30T15:19:26","modified_gmt":"2025-04-30T15:19:26","slug":"rechtlicher-hinweis","status":"publish","type":"page","link":"https:\/\/alohey.es\/de\/rechtlicher-hinweis\/","title":{"rendered":"Rechtlicher Hinweis"},"content":{"rendered":"\n<h1 class=\"wp-block-heading\">GESETZ \u00dcBER DIENSTE DER INFORMATIONSGESELLSCHAFT (LSSI)<\/h1>\n\n<p>LUISA VICTORIA KR\u00c4MER, verantwortlich f\u00fcr die Website, im Folgenden VERANTWORTLICHER genannt, stellt den Nutzern dieses Dokument zur Verf\u00fcgung, mit dem sie die im Gesetz 34\/2002 vom 11. Juli \u00fcber Dienstleistungen der Informationsgesellschaft und des elektronischen Handels (LSSICE), BOE Nr. 166, festgelegten Verpflichtungen erf\u00fcllen und alle Nutzer der Website \u00fcber die Nutzungsbedingungen informieren m\u00f6chte.<\/p>\n\n<p>Jede Person, die auf diese Website zugreift, \u00fcbernimmt die Rolle des Nutzers und verpflichtet sich zur Einhaltung und strikten Befolgung der hierin enthaltenen Bestimmungen sowie aller anderen m\u00f6glicherweise anwendbaren gesetzlichen Bestimmungen.<\/p>\n\n<p>LUISA VICTORIA KR\u00c4MER beh\u00e4lt sich das Recht vor, jede Art von Information, die auf der Website erscheinen kann, zu \u00e4ndern, ohne dass eine Verpflichtung zur vorherigen Ank\u00fcndigung oder Information der Benutzer besteht, wobei die Ver\u00f6ffentlichung auf der Website von LUISA VICTORIA KR\u00c4MER als ausreichend angesehen wird.<\/p>\n\n<h1 class=\"wp-block-heading\">1. IDENTIFIKATIONSDATEN<\/h1>\n\n<p>Dom\u00e4nenname: alohey.com\/ Handelsname: ALOHEY<\/p>\n\n<p>Firmenname: LUISA VICTORIA KR\u00c4MER Steuer-ID-Nr.: Y5222749S<\/p>\n\n<p>Firmensitz: CALLE AZALEA 2, 35580 PLAYA BLANCA &#8211; YAIZA (Las Palmas) Telefon: 828 681 604<\/p>\n\n<p>E-mail: <a href=\"mailto:info@alohey.es\">info@alohey.es<\/a><\/p>\n\n<h1 class=\"wp-block-heading\">2. RECHTE AN GEISTIGEM UND GEWERBLICHEM EIGENTUM<\/h1>\n\n<p>Die Website, einschlie\u00dflich, aber nicht beschr\u00e4nkt auf ihre Programmierung, Bearbeitung, Zusammenstellung und andere f\u00fcr ihren Betrieb notwendige Elemente, Designs, Logos, Texte und\/oder Grafiken, sind Eigentum der VERANTWORTLICHEN PARTEI oder verf\u00fcgen gegebenenfalls \u00fcber eine Lizenz oder ausdr\u00fcckliche Genehmigung der Urheber. Der gesamte Inhalt der Website ist durch die Vorschriften zum geistigen und gewerblichen Eigentum ordnungsgem\u00e4\u00df gesch\u00fctzt und in den entsprechenden \u00f6ffentlichen Registern eingetragen. <\/p>\n\n<p>Unabh\u00e4ngig von dem Zweck, f\u00fcr den sie bestimmt sind, bedarf die vollst\u00e4ndige oder teilweise Vervielf\u00e4ltigung, Nutzung, Verwertung, Verbreitung und Vermarktung in jedem Fall der vorherigen schriftlichen Genehmigung durch die VERANTWORTLICHE PARTEI. Jede nicht vorher genehmigte Nutzung wird als schwerwiegende Verletzung der Rechte des Urhebers am geistigen oder gewerblichen Eigentum betrachtet. <\/p>\n\n<p>Die Designs, Logos, Texte und\/oder Grafiken, die nicht dem VERANTWORTLICHEN geh\u00f6ren und die auf der Website erscheinen k\u00f6nnen, geh\u00f6ren ihren jeweiligen Eigent\u00fcmern, und diese sind selbst verantwortlich f\u00fcr eventuelle Streitigkeiten, die in Bezug auf sie entstehen k\u00f6nnen. Der VERANTWORTLICHE gestattet Dritten ausdr\u00fccklich die direkte Weiterleitung zu den spezifischen Inhalten der Website und in jedem Fall die Weiterleitung zur Hauptwebsite alohey.es\/. <\/p>\n\n<p>Der VERANTWORTLICHE erkennt die entsprechenden Eigentumsrechte zu Gunsten seiner Eigent\u00fcmer an.<\/p>\n\n<p>Die blo\u00dfe Erw\u00e4hnung oder das Erscheinen auf der Website impliziert weder das Bestehen irgendwelcher Rechte oder Verantwortlichkeiten noch eine Billigung, F\u00f6rderung oder Empfehlung durch die Website.<\/p>\n\n<p>Wenn Sie sich zu m\u00f6glichen Verletzungen von Rechten an geistigem oder gewerblichem Eigentum sowie zu Inhalten der Website \u00e4u\u00dfern m\u00f6chten, k\u00f6nnen Sie dies per E-Mail an <a href=\"mailto:info@alohey.es\">info@alohey.es<\/a> tun.<\/p>\n\n<h1 class=\"wp-block-heading\">3. HAFTUNGSAUSSCHLUSS<\/h1>\n\n<p>Die VERANTWORTLICHE Partei ist von jeglicher Art von Verantwortung befreit, die sich aus den auf ihrer Website ver\u00f6ffentlichten Informationen ergibt, sofern sie keine tats\u00e4chliche Kenntnis davon hat, dass diese Informationen von einem Dritten au\u00dferhalb derselben manipuliert oder eingebracht wurden, oder, falls dies der Fall ist, sie mit Sorgfalt vorgegangen ist, um die Daten zu entfernen oder den Zugang zu ihnen unm\u00f6glich zu machen.<\/p>\n\n<h1 class=\"wp-block-heading\">Verwendung von Cookies<\/h1>\n\n<p>Diese Website kann technische Cookies (kleine Informationsdateien, die der Server an den Computer der Person sendet, die die Seite aufruft) verwenden, um bestimmte Funktionen auszuf\u00fchren, die als wesentlich f\u00fcr das korrekte Funktionieren und die Darstellung der Website angesehen werden. Die verwendeten Cookies sind in jedem Fall vor\u00fcbergehender Natur und dienen ausschlie\u00dflich dem Zweck, das Surfen effizienter zu gestalten, und verschwinden am Ende der Sitzung des Nutzers. In keinem Fall liefern diese Cookies selbst personenbezogene Daten, und sie werden auch nicht zum Sammeln solcher Daten verwendet.  <\/p>\n\n<p>Durch die Verwendung von Cookies ist es dem Server, auf dem sich die Website befindet, auch m\u00f6glich, den vom Nutzer verwendeten Browser zu erkennen, um das Surfen zu erleichtern und beispielsweise Nutzern, die sich zuvor registriert haben, den Zugang zu Bereichen, Diensten, Aktionen oder Wettbewerben zu erm\u00f6glichen, die ausschlie\u00dflich ihnen vorbehalten sind, ohne dass sie sich bei jedem Besuch neu registrieren m\u00fcssen. Sie k\u00f6nnen auch zur Messung des Publikums, der Verkehrsparameter, zur Kontrolle des Verlaufs und der Anzahl der Teilnahmen usw. verwendet werden, wobei es sich in diesen F\u00e4llen um technisch entbehrliche, aber f\u00fcr den Benutzer n\u00fctzliche Cookies handelt. Diese Website installiert keine entbehrlichen <em>Cookies <\/em>ohne die vorherige Zustimmung des Nutzers.  <\/p>\n\n<p>Diese Website verwendet eigene Cookies und Cookies von Drittanbietern zu Analysezwecken und um Ihnen personalisierte Werbung auf der Grundlage eines Profils zu zeigen, das auf der Grundlage Ihrer Surfgewohnheiten (z. B. besuchte Seiten) erstellt wurde. Jeder Nutzer, der die Website besucht, wird durch ein schwebendes Banner \u00fcber die Verwendung dieser Cookies informiert. Wenn Sie der Verwendung dieser Cookies zustimmen, wird das Banner ausgeblendet. Sie k\u00f6nnen Ihre Zustimmung jedoch jederzeit widerrufen und weitere Informationen erhalten, indem Sie unsere Cookie-Politik einsehen.  <\/p>\n\n<p>Der Nutzer hat die M\u00f6glichkeit, seinen Browser so zu konfigurieren, dass er vor dem Empfang von Cookies gewarnt wird und deren Installation auf seinem Ger\u00e4t verhindert. Bitte konsultieren Sie die Anweisungen Ihres Browsers f\u00fcr weitere Informationen. <\/p>\n\n<h1 class=\"wp-block-heading\">Verkn\u00fcpfungspolitik<\/h1>\n\n<p>Von der Website k\u00f6nnen Sie auf Inhalte von Websites Dritter weitergeleitet werden. Da der VERANTWORTLICHE die von Dritten auf ihren jeweiligen Websites platzierten Inhalte nicht immer kontrollieren kann, \u00fcbernimmt der VERANTWORTLICHE keine Haftung f\u00fcr diese Inhalte. In jedem Fall wird der VERANTWORTLICHE alle Inhalte, die gegen die nationale oder internationale Gesetzgebung, die guten Sitten oder die \u00f6ffentliche Ordnung versto\u00dfen k\u00f6nnten, unverz\u00fcglich entfernen und die Weiterleitung zu dieser Website aufheben, indem er die zust\u00e4ndigen Beh\u00f6rden \u00fcber den fraglichen Inhalt informiert.  <\/p>\n\n<p>Die VERANTWORTLICHE PARTEI ist nicht f\u00fcr die Informationen und Inhalte verantwortlich, die in Foren, Chats, Blogs, Kommentaren, sozialen Netzwerken oder anderen Medien gespeichert sind, die es Dritten erm\u00f6glichen, Inhalte unabh\u00e4ngig auf der Website zu ver\u00f6ffentlichen.<\/p>\n\n<p>Website des VERANTWORTLICHEN. In \u00dcbereinstimmung mit den Bestimmungen der Artikel 11 und 16 des LSSICE stellt sie sich jedoch allen Nutzern, Beh\u00f6rden und Sicherheitskr\u00e4ften zur Verf\u00fcgung und arbeitet aktiv an der Entfernung oder gegebenenfalls Sperrung aller Inhalte mit, die die nationale oder internationale Gesetzgebung, die Rechte Dritter oder die Moral und die \u00f6ffentliche Ordnung beeintr\u00e4chtigen oder verletzen k\u00f6nnten. Sollte der Nutzer der Ansicht sein, dass sich auf der Website Inhalte befinden, die f\u00fcr diese Einstufung in Frage kommen k\u00f6nnten, ist der Administrator der Website unverz\u00fcglich zu benachrichtigen.  <\/p>\n\n<p>Diese Website wurde gepr\u00fcft und getestet, um sicherzustellen, dass sie korrekt funktioniert. Grunds\u00e4tzlich kann eine einwandfreie Funktion an 365 Tagen im Jahr, 24 Stunden am Tag garantiert werden. Die VERANTWORTLICHE PARTEI schlie\u00dft jedoch die M\u00f6glichkeit bestimmter Programmierfehler oder das Auftreten von h\u00f6herer Gewalt, Naturkatastrophen, Streiks oder \u00e4hnlichen Umst\u00e4nden, die den Zugang zur Website unm\u00f6glich machen, nicht aus.  <\/p>\n\n<h1 class=\"wp-block-heading\">IP-Adressen<\/h1>\n\n<p>Die Server der Website sind in der Lage, die vom Nutzer verwendete IP-Adresse und den Dom\u00e4nennamen automatisch zu erkennen. Eine IP-Adresse ist eine Nummer, die einem Computer automatisch zugewiesen wird, wenn er sich mit dem Internet verbindet. Alle diese Informationen werden in einer ordnungsgem\u00e4\u00df registrierten Server-Aktivit\u00e4tsdatei gespeichert, die eine sp\u00e4tere Verarbeitung der Daten erm\u00f6glicht, um rein statistische Messungen zu erhalten, die es erm\u00f6glichen, die Anzahl der Seitenaufrufe, die Anzahl der Besuche auf den Webservern, die Reihenfolge der Besuche, den Zugangspunkt usw. zu ermitteln.  <\/p>\n\n<h1 class=\"wp-block-heading\">4. ANWENDBARES RECHT UND GERICHTSBARKEIT<\/h1>\n\n<p>F\u00fcr die Beilegung aller Streitigkeiten oder Fragen im Zusammenhang mit dieser Website oder den darin durchgef\u00fchrten Aktivit\u00e4ten gilt die spanische Gesetzgebung, der sich die Parteien ausdr\u00fccklich unterwerfen, und die Gerichte am Wohnsitz des BENUTZERS oder am Ort der Erf\u00fcllung der Verpflichtung sind f\u00fcr die Beilegung aller Streitigkeiten zust\u00e4ndig, die sich aus der Nutzung dieser Website ergeben oder damit zusammenh\u00e4ngen.<\/p>\n","protected":false},"excerpt":{"rendered":"<p>GESETZ \u00dcBER DIENSTE DER INFORMATIONSGESELLSCHAFT (LSSI) LUISA VICTORIA KR\u00c4MER, verantwortlich f\u00fcr die Website, im Folgenden VERANTWORTLICHER genannt, stellt den Nutzern dieses Dokument zur Verf\u00fcgung, mit dem sie die im Gesetz 34\/2002 vom 11. Juli \u00fcber Dienstleistungen der Informationsgesellschaft und des elektronischen Handels (LSSICE), BOE Nr. 166, festgelegten Verpflichtungen erf\u00fcllen und alle Nutzer der Website \u00fcber &#8230;<\/p>\n","protected":false},"author":1,"featured_media":0,"parent":0,"menu_order":0,"comment_status":"closed","ping_status":"closed","template":"","meta":{"_seopress_robots_primary_cat":"","_seopress_titles_title":"","_seopress_titles_desc":"","_seopress_robots_index":"yes","footnotes":""},"class_list":["post-40234","page","type-page","status-publish","hentry"],"_links":{"self":[{"href":"https:\/\/alohey.es\/de\/wp-json\/wp\/v2\/pages\/40234","targetHints":{"allow":["GET"]}}],"collection":[{"href":"https:\/\/alohey.es\/de\/wp-json\/wp\/v2\/pages"}],"about":[{"href":"https:\/\/alohey.es\/de\/wp-json\/wp\/v2\/types\/page"}],"author":[{"embeddable":true,"href":"https:\/\/alohey.es\/de\/wp-json\/wp\/v2\/users\/1"}],"replies":[{"embeddable":true,"href":"https:\/\/alohey.es\/de\/wp-json\/wp\/v2\/comments?post=40234"}],"version-history":[{"count":0,"href":"https:\/\/alohey.es\/de\/wp-json\/wp\/v2\/pages\/40234\/revisions"}],"wp:attachment":[{"href":"https:\/\/alohey.es\/de\/wp-json\/wp\/v2\/media?parent=40234"}],"curies":[{"name":"wp","href":"https:\/\/api.w.org\/{rel}","templated":true}]}}